{"id":799,"date":"2025-01-27T14:58:13","date_gmt":"2025-01-27T14:58:13","guid":{"rendered":"https:\/\/senzualroomz.nl\/portable-cross\/"},"modified":"2025-02-07T16:00:10","modified_gmt":"2025-02-07T15:00:10","slug":"portable-cross","status":"publish","type":"page","link":"https:\/\/senzualroomz.nl\/de\/producten\/portable-cross\/","title":{"rendered":"Tragbares Kreuz"},"content":{"rendered":"[vc_row type=&#8220;in_container&#8220; full_screen_row_position=&#8220;middle&#8220; column_margin=&#8220;default&#8220; column_direction=&#8220;default&#8220; column_direction_tablet=&#8220;default&#8220; column_direction_phone=&#8220;default&#8220; scene_position=&#8220;center&#8220; top_padding=&#8220;10%&#8220; top_padding_phone=&#8220;25%&#8220; text_color=&#8220;dark&#8220; text_align=&#8220;left&#8220; row_border_radius=&#8220;none&#8220; row_border_radius_applies=&#8220;bg&#8220; overflow=&#8220;visible&#8220; overlay_strength=&#8220;0.3&#8243; gradient_direction=&#8220;left_to_right&#8220; shape_divider_position=&#8220;bottom&#8220; bg_image_animation=&#8220;none&#8220; gradient_type=&#8220;default&#8220; shape_type=&#8220;&#8220;][vc_column column_padding=&#8220;no-extra-padding&#8220; column_padding_tablet=&#8220;inherit&#8220; column_padding_phone=&#8220;inherit&#8220; column_padding_position=&#8220;all&#8220; column_element_direction_desktop=&#8220;default&#8220; column_element_spacing=&#8220;default&#8220; desktop_text_alignment=&#8220;default&#8220; tablet_text_alignment=&#8220;default&#8220; phone_text_alignment=&#8220;default&#8220; sticky_content=&#8220;true&#8220; sticky_content_functionality=&#8220;js&#8220; background_color_opacity=&#8220;1&#8243; background_hover_color_opacity=&#8220;1&#8243; column_backdrop_filter=&#8220;none&#8220; column_shadow=&#8220;none&#8220; column_border_radius=&#8220;none&#8220; column_link_target=&#8220;_self&#8220; column_position=&#8220;default&#8220; gradient_direction=&#8220;left_to_right&#8220; overlay_strength=&#8220;0.3&#8243; width=&#8220;1\/2&#8243; tablet_width_inherit=&#8220;default&#8220; animation_type=&#8220;default&#8220; bg_image_animation=&#8220;none&#8220; border_type=&#8220;simple&#8220; column_border_width=&#8220;none&#8220; column_border_style=&#8220;solid&#8220; column_padding_type=&#8220;default&#8220; gradient_type=&#8220;default&#8220;][vc_row_inner equal_height=&#8220;yes&#8220; content_placement=&#8220;top&#8220; column_margin=&#8220;default&#8220; column_direction=&#8220;default&#8220; column_direction_tablet=&#8220;default&#8220; column_direction_phone=&#8220;default&#8220; text_align=&#8220;left&#8220; row_position=&#8220;default&#8220; row_position_tablet=&#8220;inherit&#8220; row_position_phone=&#8220;inherit&#8220; overflow=&#8220;visible&#8220; pointer_events=&#8220;all&#8220;][vc_column_inner column_padding=&#8220;no-extra-padding&#8220; column_padding_tablet=&#8220;inherit&#8220; column_padding_phone=&#8220;inherit&#8220; column_padding_position=&#8220;all&#8220; column_element_direction_desktop=&#8220;default&#8220; column_element_spacing=&#8220;default&#8220; desktop_text_alignment=&#8220;default&#8220; tablet_text_alignment=&#8220;default&#8220; phone_text_alignment=&#8220;default&#8220; background_color_opacity=&#8220;1&#8243; background_hover_color_opacity=&#8220;1&#8243; column_backdrop_filter=&#8220;none&#8220; column_shadow=&#8220;none&#8220; column_border_radius=&#8220;none&#8220; column_link_target=&#8220;_self&#8220; overflow=&#8220;visible&#8220; gradient_direction=&#8220;left_to_right&#8220; overlay_strength=&#8220;0.3&#8243; width=&#8220;1\/1&#8243; tablet_width_inherit=&#8220;default&#8220; animation_type=&#8220;default&#8220; bg_image_animation=&#8220;none&#8220; border_type=&#8220;simple&#8220; column_border_width=&#8220;none&#8220; column_border_style=&#8220;solid&#8220; column_padding_type=&#8220;default&#8220; gradient_type=&#8220;default&#8220;][nectar_highlighted_text color_type=&#8220;regular&#8220; highlight_color=&#8220;#ffffff&#8220; text_color=&#8220;#3b0732&#8243; style=&#8220;full_text&#8220; highlight_expansion=&#8220;default&#8220; text_direction=&#8220;default&#8220; custom_font_size=&#8220;45px&#8220; font_line_height=&#8220;1&#8243;]\n<h2><em>Tragbares Kreuz<\/em><\/h2>\n[\/nectar_highlighted_text][nectar_responsive_text inherited_font_style=&#8220;default&#8220; text_direction=&#8220;default&#8220;]Das moderne, faltbare, tragbare Fesselkreuz ist aus Leichtmetall gefertigt, so dass Sie es zu Hause verwenden oder \u00fcberallhin mitnehmen k\u00f6nnen: auf Partys, zu Ihrem Partner, in bauf\u00e4llige Geb\u00e4ude. Es ist leicht auf- und abzubauen &#8211; es dauert nur ein paar Minuten. Es ist die Antwort auf Ihre Gebete, wenn Sie von einem Fesselkreuz tr\u00e4umen, aber glauben, dass Sie nicht genug Platz haben, um es aufzubewahren.[\/nectar_responsive_text][vc_column_text css=&#8220;&#8220; text_direction=&#8220;default&#8220;]\n<ul>\n<li>Material: Metall<\/li>\n<li>Ausf\u00fchrung: Schwarz pulverbeschichtet<\/li>\n<li>H\u00f6he: 215 cm<\/li>\n<li>Breite: 90 cm<\/li>\n<li>Gewicht: 8 kg<\/li>\n<\/ul>\n[\/vc_column_text][\/vc_column_inner][\/vc_row_inner][\/vc_column][vc_column column_padding=&#8220;no-extra-padding&#8220; column_padding_tablet=&#8220;inherit&#8220; column_padding_phone=&#8220;inherit&#8220; column_padding_position=&#8220;all&#8220; column_element_direction_desktop=&#8220;default&#8220; column_element_spacing=&#8220;default&#8220; desktop_text_alignment=&#8220;default&#8220; tablet_text_alignment=&#8220;default&#8220; phone_text_alignment=&#8220;default&#8220; background_color_opacity=&#8220;1&#8243; background_hover_color_opacity=&#8220;1&#8243; column_backdrop_filter=&#8220;none&#8220; column_shadow=&#8220;none&#8220; column_border_radius=&#8220;none&#8220; column_link_target=&#8220;_self&#8220; column_position=&#8220;default&#8220; gradient_direction=&#8220;left_to_right&#8220; overlay_strength=&#8220;0.3&#8243; width=&#8220;1\/2&#8243; tablet_width_inherit=&#8220;default&#8220; animation_type=&#8220;default&#8220; bg_image_animation=&#8220;none&#8220; border_type=&#8220;simple&#8220; column_border_width=&#8220;none&#8220; column_border_style=&#8220;solid&#8220;][vc_row_inner column_margin=&#8220;default&#8220; column_direction=&#8220;default&#8220; column_direction_tablet=&#8220;default&#8220; column_direction_phone=&#8220;default&#8220; text_align=&#8220;left&#8220; row_position=&#8220;default&#8220; row_position_tablet=&#8220;inherit&#8220; row_position_phone=&#8220;inherit&#8220; overflow=&#8220;visible&#8220; pointer_events=&#8220;all&#8220;][vc_column_inner column_padding=&#8220;no-extra-padding&#8220; column_padding_tablet=&#8220;inherit&#8220; column_padding_phone=&#8220;inherit&#8220; column_padding_position=&#8220;all&#8220; column_element_direction_desktop=&#8220;default&#8220; column_element_spacing=&#8220;default&#8220; desktop_text_alignment=&#8220;default&#8220; tablet_text_alignment=&#8220;default&#8220; phone_text_alignment=&#8220;default&#8220; background_color_opacity=&#8220;1&#8243; background_hover_color_opacity=&#8220;1&#8243; column_backdrop_filter=&#8220;none&#8220; column_shadow=&#8220;none&#8220; column_border_radius=&#8220;none&#8220; column_link_target=&#8220;_self&#8220; overflow=&#8220;visible&#8220; gradient_direction=&#8220;left_to_right&#8220; overlay_strength=&#8220;0.3&#8243; width=&#8220;1\/1&#8243; tablet_width_inherit=&#8220;default&#8220; animation_type=&#8220;default&#8220; bg_image_animation=&#8220;none&#8220; border_type=&#8220;simple&#8220; column_border_width=&#8220;none&#8220; column_border_style=&#8220;solid&#8220;][image_with_animation image_url=&#8220;457&#8243; image_size=&#8220;full&#8220; animation_type=&#8220;entrance&#8220; animation=&#8220;None&#8220; animation_movement_type=&#8220;transform_y&#8220; hover_animation=&#8220;none&#8220; alignment=&#8220;&#8220; border_radius=&#8220;20px&#8220; box_shadow=&#8220;none&#8220; image_loading=&#8220;skip-lazy-load&#8220; max_width=&#8220;100%&#8220; max_width_mobile=&#8220;default&#8220;][\/vc_column_inner][\/vc_row_inner][\/vc_column][\/vc_row]\n","protected":false},"excerpt":{"rendered":"<p>[vc_row type=&#8220;in_container&#8220; full_screen_row_position=&#8220;middle&#8220; column_margin=&#8220;default&#8220; column_direction=&#8220;default&#8220; column_direction_tablet=&#8220;default&#8220; column_direction_phone=&#8220;default&#8220; scene_position=&#8220;center&#8220; top_padding=&#8220;10%&#8220; top_padding_phone=&#8220;25%&#8220; text_color=&#8220;dark&#8220; text_align=&#8220;left&#8220; row_border_radius=&#8220;none&#8220; row_border_radius_applies=&#8220;bg&#8220; overflow=&#8220;visible&#8220; overlay_strength=&#8220;0.3&#8243; gradient_direction=&#8220;left_to_right&#8220; shape_divider_position=&#8220;bottom&#8220; bg_image_animation=&#8220;none&#8220; gradient_type=&#8220;default&#8220; shape_type=&#8220;&#8220;][vc_column column_padding=&#8220;no-extra-padding&#8220; column_padding_tablet=&#8220;inherit&#8220; column_padding_phone=&#8220;inherit&#8220; column_padding_position=&#8220;all&#8220; column_element_direction_desktop=&#8220;default&#8220; column_element_spacing=&#8220;default&#8220; desktop_text_alignment=&#8220;default&#8220; tablet_text_alignment=&#8220;default&#8220; phone_text_alignment=&#8220;default&#8220;&#8230;<\/p>\n","protected":false},"author":1,"featured_media":800,"parent":831,"menu_order":0,"comment_status":"closed","ping_status":"closed","template":"","meta":{"footnotes":""},"categories":[],"tags":[],"class_list":["post-799","page","type-page","status-publish","has-post-thumbnail"],"yoast_head":"<!-- This site is optimized with the Yoast SEO plugin v25.9 - https:\/\/yoast.com\/wordpress\/plugins\/seo\/ -->\n<title>Tragbares Kreuz - Senzual Roomz<\/title>\n<meta name=\"robots\" content=\"index, follow, max-snippet:-1, max-image-preview:large, max-video-preview:-1\" \/>\n<link rel=\"canonical\" href=\"https:\/\/senzualroomz.nl\/de\/producten\/portable-cross\/\" \/>\n<meta property=\"og:locale\" content=\"de_DE\" \/>\n<meta property=\"og:type\" content=\"article\" \/>\n<meta property=\"og:title\" content=\"Tragbares Kreuz - Senzual Roomz\" \/>\n<meta property=\"og:description\" content=\"[vc_row type=&#8220;in_container&#8220; full_screen_row_position=&#8220;middle&#8220; column_margin=&#8220;default&#8220; column_direction=&#8220;default&#8220; column_direction_tablet=&#8220;default&#8220; column_direction_phone=&#8220;default&#8220; scene_position=&#8220;center&#8220; top_padding=&#8220;10%&#8220; top_padding_phone=&#8220;25%&#8220; text_color=&#8220;dark&#8220; text_align=&#8220;left&#8220; row_border_radius=&#8220;none&#8220; row_border_radius_applies=&#8220;bg&#8220; overflow=&#8220;visible&#8220; overlay_strength=&#8220;0.3&#8243; gradient_direction=&#8220;left_to_right&#8220; shape_divider_position=&#8220;bottom&#8220; bg_image_animation=&#8220;none&#8220; gradient_type=&#8220;default&#8220; shape_type=&#8220;&#8220;][vc_column column_padding=&#8220;no-extra-padding&#8220; column_padding_tablet=&#8220;inherit&#8220; column_padding_phone=&#8220;inherit&#8220; column_padding_position=&#8220;all&#8220; column_element_direction_desktop=&#8220;default&#8220; column_element_spacing=&#8220;default&#8220; desktop_text_alignment=&#8220;default&#8220; tablet_text_alignment=&#8220;default&#8220; phone_text_alignment=&#8220;default&#8220;...\" \/>\n<meta property=\"og:url\" content=\"https:\/\/senzualroomz.nl\/de\/producten\/portable-cross\/\" \/>\n<meta property=\"og:site_name\" content=\"Senzual Roomz\" \/>\n<meta property=\"article:modified_time\" content=\"2025-02-07T15:00:10+00:00\" \/>\n<meta property=\"og:image\" content=\"https:\/\/senzualroomz.nl\/wp-content\/uploads\/2025\/01\/Gyno-case.jpg.webp\" \/>\n\t<meta property=\"og:image:width\" content=\"1600\" \/>\n\t<meta property=\"og:image:height\" content=\"1066\" \/>\n\t<meta property=\"og:image:type\" content=\"image\/webp\" \/>\n<meta name=\"twitter:card\" content=\"summary_large_image\" \/>\n<meta name=\"twitter:label1\" content=\"Gesch\u00e4tzte Lesezeit\" \/>\n\t<meta name=\"twitter:data1\" content=\"4\u00a0Minuten\" \/>\n<script type=\"application\/ld+json\" class=\"yoast-schema-graph\">{\"@context\":\"https:\/\/schema.org\",\"@graph\":[{\"@type\":\"WebPage\",\"@id\":\"https:\/\/senzualroomz.nl\/de\/producten\/portable-cross\/\",\"url\":\"https:\/\/senzualroomz.nl\/de\/producten\/portable-cross\/\",\"name\":\"Tragbares Kreuz - Senzual Roomz\",\"isPartOf\":{\"@id\":\"https:\/\/senzualroomz.nl\/de\/#website\"},\"primaryImageOfPage\":{\"@id\":\"https:\/\/senzualroomz.nl\/de\/producten\/portable-cross\/#primaryimage\"},\"image\":{\"@id\":\"https:\/\/senzualroomz.nl\/de\/producten\/portable-cross\/#primaryimage\"},\"thumbnailUrl\":\"https:\/\/senzualroomz.nl\/wp-content\/uploads\/2025\/01\/Gyno-case.jpg.webp\",\"datePublished\":\"2025-01-27T14:58:13+00:00\",\"dateModified\":\"2025-02-07T15:00:10+00:00\",\"breadcrumb\":{\"@id\":\"https:\/\/senzualroomz.nl\/de\/producten\/portable-cross\/#breadcrumb\"},\"inLanguage\":\"de\",\"potentialAction\":[{\"@type\":\"ReadAction\",\"target\":[\"https:\/\/senzualroomz.nl\/de\/producten\/portable-cross\/\"]}]},{\"@type\":\"ImageObject\",\"inLanguage\":\"de\",\"@id\":\"https:\/\/senzualroomz.nl\/de\/producten\/portable-cross\/#primaryimage\",\"url\":\"https:\/\/senzualroomz.nl\/wp-content\/uploads\/2025\/01\/Gyno-case.jpg.webp\",\"contentUrl\":\"https:\/\/senzualroomz.nl\/wp-content\/uploads\/2025\/01\/Gyno-case.jpg.webp\",\"width\":1600,\"height\":1066},{\"@type\":\"BreadcrumbList\",\"@id\":\"https:\/\/senzualroomz.nl\/de\/producten\/portable-cross\/#breadcrumb\",\"itemListElement\":[{\"@type\":\"ListItem\",\"position\":1,\"name\":\"Home\",\"item\":\"https:\/\/senzualroomz.nl\/de\/portfolio-flare-landing\/\"},{\"@type\":\"ListItem\",\"position\":2,\"name\":\"Produkte\",\"item\":\"https:\/\/senzualroomz.nl\/de\/producten\/\"},{\"@type\":\"ListItem\",\"position\":3,\"name\":\"Tragbares Kreuz\"}]},{\"@type\":\"WebSite\",\"@id\":\"https:\/\/senzualroomz.nl\/de\/#website\",\"url\":\"https:\/\/senzualroomz.nl\/de\/\",\"name\":\"Senzual Roomz\",\"description\":\"\",\"publisher\":{\"@id\":\"https:\/\/senzualroomz.nl\/de\/#organization\"},\"potentialAction\":[{\"@type\":\"SearchAction\",\"target\":{\"@type\":\"EntryPoint\",\"urlTemplate\":\"https:\/\/senzualroomz.nl\/de\/?s={search_term_string}\"},\"query-input\":{\"@type\":\"PropertyValueSpecification\",\"valueRequired\":true,\"valueName\":\"search_term_string\"}}],\"inLanguage\":\"de\"},{\"@type\":\"Organization\",\"@id\":\"https:\/\/senzualroomz.nl\/de\/#organization\",\"name\":\"Senzual Roomz\",\"url\":\"https:\/\/senzualroomz.nl\/de\/\",\"logo\":{\"@type\":\"ImageObject\",\"inLanguage\":\"de\",\"@id\":\"https:\/\/senzualroomz.nl\/de\/#\/schema\/logo\/image\/\",\"url\":\"https:\/\/senzualroomz.nl\/wp-content\/uploads\/2025\/01\/Senzual-Roomz-Logo-1-1-1.png\",\"contentUrl\":\"https:\/\/senzualroomz.nl\/wp-content\/uploads\/2025\/01\/Senzual-Roomz-Logo-1-1-1.png\",\"width\":1602,\"height\":659,\"caption\":\"Senzual Roomz\"},\"image\":{\"@id\":\"https:\/\/senzualroomz.nl\/de\/#\/schema\/logo\/image\/\"},\"sameAs\":[\"https:\/\/www.instagram.com\/senzualroomz\/\",\"https:\/\/www.tiktok.com\/@senzual.roomz\"]}]}<\/script>\n<!-- \/ Yoast SEO plugin. -->","yoast_head_json":{"title":"Tragbares Kreuz - Senzual Roomz","robots":{"index":"index","follow":"follow","max-snippet":"max-snippet:-1","max-image-preview":"max-image-preview:large","max-video-preview":"max-video-preview:-1"},"canonical":"https:\/\/senzualroomz.nl\/de\/producten\/portable-cross\/","og_locale":"de_DE","og_type":"article","og_title":"Tragbares Kreuz - Senzual Roomz","og_description":"[vc_row type=&#8220;in_container&#8220; full_screen_row_position=&#8220;middle&#8220; column_margin=&#8220;default&#8220; column_direction=&#8220;default&#8220; column_direction_tablet=&#8220;default&#8220; column_direction_phone=&#8220;default&#8220; scene_position=&#8220;center&#8220; top_padding=&#8220;10%&#8220; top_padding_phone=&#8220;25%&#8220; text_color=&#8220;dark&#8220; text_align=&#8220;left&#8220; row_border_radius=&#8220;none&#8220; row_border_radius_applies=&#8220;bg&#8220; overflow=&#8220;visible&#8220; overlay_strength=&#8220;0.3&#8243; gradient_direction=&#8220;left_to_right&#8220; shape_divider_position=&#8220;bottom&#8220; bg_image_animation=&#8220;none&#8220; gradient_type=&#8220;default&#8220; shape_type=&#8220;&#8220;][vc_column column_padding=&#8220;no-extra-padding&#8220; column_padding_tablet=&#8220;inherit&#8220; column_padding_phone=&#8220;inherit&#8220; column_padding_position=&#8220;all&#8220; column_element_direction_desktop=&#8220;default&#8220; column_element_spacing=&#8220;default&#8220; desktop_text_alignment=&#8220;default&#8220; tablet_text_alignment=&#8220;default&#8220; phone_text_alignment=&#8220;default&#8220;...","og_url":"https:\/\/senzualroomz.nl\/de\/producten\/portable-cross\/","og_site_name":"Senzual Roomz","article_modified_time":"2025-02-07T15:00:10+00:00","og_image":[{"width":1600,"height":1066,"url":"https:\/\/senzualroomz.nl\/wp-content\/uploads\/2025\/01\/Gyno-case.jpg.webp","type":"image\/webp"}],"twitter_card":"summary_large_image","twitter_misc":{"Gesch\u00e4tzte Lesezeit":"4\u00a0Minuten"},"schema":{"@context":"https:\/\/schema.org","@graph":[{"@type":"WebPage","@id":"https:\/\/senzualroomz.nl\/de\/producten\/portable-cross\/","url":"https:\/\/senzualroomz.nl\/de\/producten\/portable-cross\/","name":"Tragbares Kreuz - Senzual Roomz","isPartOf":{"@id":"https:\/\/senzualroomz.nl\/de\/#website"},"primaryImageOfPage":{"@id":"https:\/\/senzualroomz.nl\/de\/producten\/portable-cross\/#primaryimage"},"image":{"@id":"https:\/\/senzualroomz.nl\/de\/producten\/portable-cross\/#primaryimage"},"thumbnailUrl":"https:\/\/senzualroomz.nl\/wp-content\/uploads\/2025\/01\/Gyno-case.jpg.webp","datePublished":"2025-01-27T14:58:13+00:00","dateModified":"2025-02-07T15:00:10+00:00","breadcrumb":{"@id":"https:\/\/senzualroomz.nl\/de\/producten\/portable-cross\/#breadcrumb"},"inLanguage":"de","potentialAction":[{"@type":"ReadAction","target":["https:\/\/senzualroomz.nl\/de\/producten\/portable-cross\/"]}]},{"@type":"ImageObject","inLanguage":"de","@id":"https:\/\/senzualroomz.nl\/de\/producten\/portable-cross\/#primaryimage","url":"https:\/\/senzualroomz.nl\/wp-content\/uploads\/2025\/01\/Gyno-case.jpg.webp","contentUrl":"https:\/\/senzualroomz.nl\/wp-content\/uploads\/2025\/01\/Gyno-case.jpg.webp","width":1600,"height":1066},{"@type":"BreadcrumbList","@id":"https:\/\/senzualroomz.nl\/de\/producten\/portable-cross\/#breadcrumb","itemListElement":[{"@type":"ListItem","position":1,"name":"Home","item":"https:\/\/senzualroomz.nl\/de\/portfolio-flare-landing\/"},{"@type":"ListItem","position":2,"name":"Produkte","item":"https:\/\/senzualroomz.nl\/de\/producten\/"},{"@type":"ListItem","position":3,"name":"Tragbares Kreuz"}]},{"@type":"WebSite","@id":"https:\/\/senzualroomz.nl\/de\/#website","url":"https:\/\/senzualroomz.nl\/de\/","name":"Senzual Roomz","description":"","publisher":{"@id":"https:\/\/senzualroomz.nl\/de\/#organization"},"potentialAction":[{"@type":"SearchAction","target":{"@type":"EntryPoint","urlTemplate":"https:\/\/senzualroomz.nl\/de\/?s={search_term_string}"},"query-input":{"@type":"PropertyValueSpecification","valueRequired":true,"valueName":"search_term_string"}}],"inLanguage":"de"},{"@type":"Organization","@id":"https:\/\/senzualroomz.nl\/de\/#organization","name":"Senzual Roomz","url":"https:\/\/senzualroomz.nl\/de\/","logo":{"@type":"ImageObject","inLanguage":"de","@id":"https:\/\/senzualroomz.nl\/de\/#\/schema\/logo\/image\/","url":"https:\/\/senzualroomz.nl\/wp-content\/uploads\/2025\/01\/Senzual-Roomz-Logo-1-1-1.png","contentUrl":"https:\/\/senzualroomz.nl\/wp-content\/uploads\/2025\/01\/Senzual-Roomz-Logo-1-1-1.png","width":1602,"height":659,"caption":"Senzual Roomz"},"image":{"@id":"https:\/\/senzualroomz.nl\/de\/#\/schema\/logo\/image\/"},"sameAs":["https:\/\/www.instagram.com\/senzualroomz\/","https:\/\/www.tiktok.com\/@senzual.roomz"]}]}},"_links":{"self":[{"href":"https:\/\/senzualroomz.nl\/de\/wp-json\/wp\/v2\/pages\/799","targetHints":{"allow":["GET"]}}],"collection":[{"href":"https:\/\/senzualroomz.nl\/de\/wp-json\/wp\/v2\/pages"}],"about":[{"href":"https:\/\/senzualroomz.nl\/de\/wp-json\/wp\/v2\/types\/page"}],"author":[{"embeddable":true,"href":"https:\/\/senzualroomz.nl\/de\/wp-json\/wp\/v2\/users\/1"}],"replies":[{"embeddable":true,"href":"https:\/\/senzualroomz.nl\/de\/wp-json\/wp\/v2\/comments?post=799"}],"version-history":[{"count":2,"href":"https:\/\/senzualroomz.nl\/de\/wp-json\/wp\/v2\/pages\/799\/revisions"}],"predecessor-version":[{"id":1032,"href":"https:\/\/senzualroomz.nl\/de\/wp-json\/wp\/v2\/pages\/799\/revisions\/1032"}],"up":[{"embeddable":true,"href":"https:\/\/senzualroomz.nl\/de\/wp-json\/wp\/v2\/pages\/831"}],"wp:featuredmedia":[{"embeddable":true,"href":"https:\/\/senzualroomz.nl\/de\/wp-json\/wp\/v2\/media\/800"}],"wp:attachment":[{"href":"https:\/\/senzualroomz.nl\/de\/wp-json\/wp\/v2\/media?parent=799"}],"wp:term":[{"taxonomy":"category","embeddable":true,"href":"https:\/\/senzualroomz.nl\/de\/wp-json\/wp\/v2\/categories?post=799"},{"taxonomy":"post_tag","embeddable":true,"href":"https:\/\/senzualroomz.nl\/de\/wp-json\/wp\/v2\/tags?post=799"}],"curies":[{"name":"wp","href":"https:\/\/api.w.org\/{rel}","templated":true}]}}