{"id":820,"date":"2025-01-21T13:21:15","date_gmt":"2025-01-21T13:21:15","guid":{"rendered":"https:\/\/senzualroomz.nl\/zakelijk\/"},"modified":"2025-02-07T15:59:55","modified_gmt":"2025-02-07T14:59:55","slug":"zakelijk","status":"publish","type":"page","link":"https:\/\/senzualroomz.nl\/de\/zakelijk\/","title":{"rendered":"Business"},"content":{"rendered":"[vc_row type=&#8220;full_width_background&#8220; full_screen_row_position=&#8220;middle&#8220; column_margin=&#8220;default&#8220; equal_height=&#8220;yes&#8220; content_placement=&#8220;middle&#8220; column_direction=&#8220;default&#8220; column_direction_tablet=&#8220;default&#8220; column_direction_phone=&#8220;default&#8220; bg_image=&#8220;597&#8243; bg_position=&#8220;left top&#8220; background_image_loading=&#8220;default&#8220; bg_repeat=&#8220;no-repeat&#8220; scene_position=&#8220;center&#8220; top_padding=&#8220;10%&#8220; bottom_padding=&#8220;5%&#8220; top_padding_phone=&#8220;10%&#8220; text_color=&#8220;dark&#8220; text_align=&#8220;left&#8220; row_border_radius=&#8220;none&#8220; row_border_radius_applies=&#8220;bg&#8220; overflow=&#8220;visible&#8220; advanced_gradient=&#8220;linear-gradient(0deg, rgb(30,30,30) 2%, rgba(30,30,30,0) 29%)&#8220; shape_divider_position=&#8220;bottom&#8220; bg_image_animation=&#8220;none&#8220; gradient_type=&#8220;advanced&#8220; shape_type=&#8220;&#8220; advanced_gradient_display_type=&#8220;linear&#8220;][vc_column column_padding=&#8220;no-extra-padding&#8220; column_padding_tablet=&#8220;inherit&#8220; column_padding_phone=&#8220;inherit&#8220; column_padding_position=&#8220;all&#8220; column_element_direction_desktop=&#8220;default&#8220; column_element_spacing=&#8220;default&#8220; desktop_text_alignment=&#8220;default&#8220; tablet_text_alignment=&#8220;default&#8220; phone_text_alignment=&#8220;default&#8220; background_color_opacity=&#8220;1&#8243; background_hover_color_opacity=&#8220;1&#8243; column_backdrop_filter=&#8220;none&#8220; column_shadow=&#8220;none&#8220; column_border_radius=&#8220;none&#8220; column_link_target=&#8220;_self&#8220; column_position=&#8220;default&#8220; gradient_direction=&#8220;left_to_right&#8220; overlay_strength=&#8220;0.3&#8243; width=&#8220;1\/1&#8243; tablet_width_inherit=&#8220;default&#8220; animation_type=&#8220;default&#8220; bg_image_animation=&#8220;none&#8220; border_type=&#8220;simple&#8220; column_border_width=&#8220;none&#8220; column_border_style=&#8220;solid&#8220;][vc_row_inner equal_height=&#8220;yes&#8220; content_placement=&#8220;middle&#8220; column_margin=&#8220;default&#8220; column_direction=&#8220;default&#8220; column_direction_tablet=&#8220;default&#8220; column_direction_phone=&#8220;default&#8220; text_align=&#8220;left&#8220; row_position=&#8220;default&#8220; row_position_tablet=&#8220;inherit&#8220; row_position_phone=&#8220;inherit&#8220; overflow=&#8220;visible&#8220; pointer_events=&#8220;all&#8220;][vc_column_inner column_padding=&#8220;no-extra-padding&#8220; column_padding_tablet=&#8220;inherit&#8220; column_padding_phone=&#8220;inherit&#8220; column_padding_position=&#8220;all&#8220; column_element_direction_desktop=&#8220;default&#8220; column_element_spacing=&#8220;default&#8220; desktop_text_alignment=&#8220;default&#8220; tablet_text_alignment=&#8220;default&#8220; phone_text_alignment=&#8220;default&#8220; background_color_opacity=&#8220;1&#8243; background_hover_color_opacity=&#8220;1&#8243; column_backdrop_filter=&#8220;none&#8220; column_shadow=&#8220;none&#8220; column_border_radius=&#8220;none&#8220; column_link_target=&#8220;_self&#8220; overflow=&#8220;visible&#8220; gradient_direction=&#8220;left_to_right&#8220; overlay_strength=&#8220;0.3&#8243; width=&#8220;1\/2&#8243; tablet_width_inherit=&#8220;default&#8220; animation_type=&#8220;default&#8220; bg_image_animation=&#8220;none&#8220; border_type=&#8220;simple&#8220; column_border_width=&#8220;none&#8220; column_border_style=&#8220;solid&#8220;][nectar_highlighted_text color_type=&#8220;regular&#8220; highlight_color=&#8220;#ffffff&#8220; text_color=&#8220;#3b0732&#8243; style=&#8220;full_text&#8220; highlight_expansion=&#8220;default&#8220; text_direction=&#8220;default&#8220; custom_font_size=&#8220;45px&#8220; font_line_height=&#8220;1&#8243;]\n<h2><em>Business<\/em><\/h2>\n[\/nectar_highlighted_text][nectar_responsive_text inherited_font_style=&#8220;default&#8220; text_direction=&#8220;default&#8220;]\n<h3>Ma\u00dfgeschneiderte Designs<\/h3>\n<p>Egal, ob Sie eine elegante Hotelsuite mit romantischer Atmosph\u00e4re, einen diskreten Clubraum mit luxuri\u00f6sem und intimem Ambiente oder einen Wellnessbereich mit sinnlichem Touch w\u00fcnschen. Unsere Kreationen sind exklusiv, pers\u00f6nlich und mit viel Liebe zum Detail. So k\u00f6nnen sich Firmenkunden abheben und ihren G\u00e4sten ein einzigartiges Erlebnis bieten. <\/p>\n<h3>Qualit\u00e4t und Handwerkskunst<\/h3>\n<p>Wir arbeiten ausschlie\u00dflich mit hochwertigen Materialien und erfahrenen Handwerkern. Von luxuri\u00f6sen Stoffen und ma\u00dfgefertigten M\u00f6beln bis hin zu innovativer Beleuchtungs- und Tontechnik wird jedes Element in Ihrem Raum sorgf\u00e4ltig ausgew\u00e4hlt und bis zur Perfektion verarbeitet. Funktionalit\u00e4t und \u00c4sthetik gehen Hand in Hand, um sowohl die G\u00e4ste als auch die Betreiber zufrieden zu stellen, was zu einer h\u00f6heren Kundenzufriedenheit, einer st\u00e4rkeren Loyalit\u00e4t und letztendlich zu besseren Gesch\u00e4ftsergebnissen f\u00fchrt.  <\/p>\n<h3>F\u00fcr wen?<\/h3>\n<p>Unsere sinnlichen und erotischen R\u00e4ume sind perfekt f\u00fcr Firmenkunden, die ihren G\u00e4sten ein einzigartiges Erlebnis bieten m\u00f6chten. Denken Sie an diskrete Hotelsuiten f\u00fcr Paare, exklusive Clubr\u00e4ume mit einem aufregenden und stilvollen Look oder Wellnesszentren, die Entspannung mit einem Hauch von Verf\u00fchrung verbinden. <\/p>\n<h3>Der Prozess<\/h3>\n<p>Die Gestaltung Ihres idealen Raums beginnt mit einem pers\u00f6nlichen Gespr\u00e4ch. Wir besprechen Ihre Bed\u00fcrfnisse, Ihre Zielgruppe und alle spezifischen Themen oder Funktionen. Dann entwerfen wir einen Entwurf, der Ihren Vorstellungen entspricht, mit visuellen Darstellungen und Materialvorschl\u00e4gen. Nach Ihrer Zustimmung gehen wir an die Umsetzung und \u00fcberwachen jedes Detail, um den perfekten Raum zu schaffen.   <\/p>\n<h3>Lassen Sie sich inspirieren<\/h3>\n<p>Sind Sie neugierig, was wir f\u00fcr Ihr Hotel, Ihren Club oder Ihr Wellnesscenter tun k\u00f6nnen? Kontaktieren Sie uns f\u00fcr ein Angebot und entdecken Sie die M\u00f6glichkeiten. Oder f\u00fcr ein informelles Gespr\u00e4ch. Gemeinsam werden wir Ihre Vision in die Tat umsetzen.[\/nectar_responsive_text][\/vc_column_inner][\/vc_row_inner][\/vc_column][\/vc_row]\n","protected":false},"excerpt":{"rendered":"<p>[vc_row type=&#8220;full_width_background&#8220; full_screen_row_position=&#8220;middle&#8220; column_margin=&#8220;default&#8220; equal_height=&#8220;yes&#8220; content_placement=&#8220;middle&#8220; column_direction=&#8220;default&#8220; column_direction_tablet=&#8220;default&#8220; column_direction_phone=&#8220;default&#8220; bg_image=&#8220;597&#8243; bg_position=&#8220;left top&#8220; background_image_loading=&#8220;default&#8220; bg_repeat=&#8220;no-repeat&#8220; scene_position=&#8220;center&#8220; top_padding=&#8220;10%&#8220; bottom_padding=&#8220;5%&#8220; top_padding_phone=&#8220;10%&#8220; text_color=&#8220;dark&#8220; text_align=&#8220;left&#8220; row_border_radius=&#8220;none&#8220; row_border_radius_applies=&#8220;bg&#8220; overflow=&#8220;visible&#8220; advanced_gradient=&#8220;linear-gradient(0deg, rgb(30,30,30) 2%, rgba(30,30,30,0) 29%)&#8220; shape_divider_position=&#8220;bottom&#8220; bg_image_animation=&#8220;none&#8220;&#8230;<\/p>\n","protected":false},"author":1,"featured_media":818,"parent":0,"menu_order":0,"comment_status":"closed","ping_status":"closed","template":"","meta":{"footnotes":""},"categories":[],"tags":[],"class_list":["post-820","page","type-page","status-publish","has-post-thumbnail"],"yoast_head":"<!-- This site is optimized with the Yoast SEO plugin v25.9 - https:\/\/yoast.com\/wordpress\/plugins\/seo\/ -->\n<title>Business - Senzual Roomz<\/title>\n<meta name=\"robots\" content=\"index, follow, max-snippet:-1, max-image-preview:large, max-video-preview:-1\" \/>\n<link rel=\"canonical\" href=\"https:\/\/senzualroomz.nl\/de\/zakelijk\/\" \/>\n<meta property=\"og:locale\" content=\"de_DE\" \/>\n<meta property=\"og:type\" content=\"article\" \/>\n<meta property=\"og:title\" content=\"Business - Senzual Roomz\" \/>\n<meta property=\"og:description\" content=\"[vc_row type=&#8220;full_width_background&#8220; full_screen_row_position=&#8220;middle&#8220; column_margin=&#8220;default&#8220; equal_height=&#8220;yes&#8220; content_placement=&#8220;middle&#8220; column_direction=&#8220;default&#8220; column_direction_tablet=&#8220;default&#8220; column_direction_phone=&#8220;default&#8220; bg_image=&#8220;597&#8243; bg_position=&#8220;left top&#8220; background_image_loading=&#8220;default&#8220; bg_repeat=&#8220;no-repeat&#8220; scene_position=&#8220;center&#8220; top_padding=&#8220;10%&#8220; bottom_padding=&#8220;5%&#8220; top_padding_phone=&#8220;10%&#8220; text_color=&#8220;dark&#8220; text_align=&#8220;left&#8220; row_border_radius=&#8220;none&#8220; row_border_radius_applies=&#8220;bg&#8220; overflow=&#8220;visible&#8220; advanced_gradient=&#8220;linear-gradient(0deg, rgb(30,30,30) 2%, rgba(30,30,30,0) 29%)&#8220; shape_divider_position=&#8220;bottom&#8220; bg_image_animation=&#8220;none&#8220;...\" \/>\n<meta property=\"og:url\" content=\"https:\/\/senzualroomz.nl\/de\/zakelijk\/\" \/>\n<meta property=\"og:site_name\" content=\"Senzual Roomz\" \/>\n<meta property=\"article:modified_time\" content=\"2025-02-07T14:59:55+00:00\" \/>\n<meta property=\"og:image\" content=\"https:\/\/senzualroomz.nl\/wp-content\/uploads\/2025\/01\/Padded-bdsm-bank-3.jpg\" \/>\n\t<meta property=\"og:image:width\" content=\"1600\" \/>\n\t<meta property=\"og:image:height\" content=\"1067\" \/>\n\t<meta property=\"og:image:type\" content=\"image\/jpeg\" \/>\n<meta name=\"twitter:card\" content=\"summary_large_image\" \/>\n<meta name=\"twitter:label1\" content=\"Gesch\u00e4tzte Lesezeit\" \/>\n\t<meta name=\"twitter:data1\" content=\"3\u00a0Minuten\" \/>\n<script type=\"application\/ld+json\" class=\"yoast-schema-graph\">{\"@context\":\"https:\/\/schema.org\",\"@graph\":[{\"@type\":\"WebPage\",\"@id\":\"https:\/\/senzualroomz.nl\/de\/zakelijk\/\",\"url\":\"https:\/\/senzualroomz.nl\/de\/zakelijk\/\",\"name\":\"Business - Senzual Roomz\",\"isPartOf\":{\"@id\":\"https:\/\/senzualroomz.nl\/de\/#website\"},\"primaryImageOfPage\":{\"@id\":\"https:\/\/senzualroomz.nl\/de\/zakelijk\/#primaryimage\"},\"image\":{\"@id\":\"https:\/\/senzualroomz.nl\/de\/zakelijk\/#primaryimage\"},\"thumbnailUrl\":\"https:\/\/senzualroomz.nl\/wp-content\/uploads\/2025\/01\/Padded-bdsm-bank-3.jpg\",\"datePublished\":\"2025-01-21T13:21:15+00:00\",\"dateModified\":\"2025-02-07T14:59:55+00:00\",\"breadcrumb\":{\"@id\":\"https:\/\/senzualroomz.nl\/de\/zakelijk\/#breadcrumb\"},\"inLanguage\":\"de\",\"potentialAction\":[{\"@type\":\"ReadAction\",\"target\":[\"https:\/\/senzualroomz.nl\/de\/zakelijk\/\"]}]},{\"@type\":\"ImageObject\",\"inLanguage\":\"de\",\"@id\":\"https:\/\/senzualroomz.nl\/de\/zakelijk\/#primaryimage\",\"url\":\"https:\/\/senzualroomz.nl\/wp-content\/uploads\/2025\/01\/Padded-bdsm-bank-3.jpg\",\"contentUrl\":\"https:\/\/senzualroomz.nl\/wp-content\/uploads\/2025\/01\/Padded-bdsm-bank-3.jpg\",\"width\":1600,\"height\":1067},{\"@type\":\"BreadcrumbList\",\"@id\":\"https:\/\/senzualroomz.nl\/de\/zakelijk\/#breadcrumb\",\"itemListElement\":[{\"@type\":\"ListItem\",\"position\":1,\"name\":\"Home\",\"item\":\"https:\/\/senzualroomz.nl\/de\/portfolio-flare-landing\/\"},{\"@type\":\"ListItem\",\"position\":2,\"name\":\"Business\"}]},{\"@type\":\"WebSite\",\"@id\":\"https:\/\/senzualroomz.nl\/de\/#website\",\"url\":\"https:\/\/senzualroomz.nl\/de\/\",\"name\":\"Senzual Roomz\",\"description\":\"\",\"publisher\":{\"@id\":\"https:\/\/senzualroomz.nl\/de\/#organization\"},\"potentialAction\":[{\"@type\":\"SearchAction\",\"target\":{\"@type\":\"EntryPoint\",\"urlTemplate\":\"https:\/\/senzualroomz.nl\/de\/?s={search_term_string}\"},\"query-input\":{\"@type\":\"PropertyValueSpecification\",\"valueRequired\":true,\"valueName\":\"search_term_string\"}}],\"inLanguage\":\"de\"},{\"@type\":\"Organization\",\"@id\":\"https:\/\/senzualroomz.nl\/de\/#organization\",\"name\":\"Senzual Roomz\",\"url\":\"https:\/\/senzualroomz.nl\/de\/\",\"logo\":{\"@type\":\"ImageObject\",\"inLanguage\":\"de\",\"@id\":\"https:\/\/senzualroomz.nl\/de\/#\/schema\/logo\/image\/\",\"url\":\"https:\/\/senzualroomz.nl\/wp-content\/uploads\/2025\/01\/Senzual-Roomz-Logo-1-1-1.png\",\"contentUrl\":\"https:\/\/senzualroomz.nl\/wp-content\/uploads\/2025\/01\/Senzual-Roomz-Logo-1-1-1.png\",\"width\":1602,\"height\":659,\"caption\":\"Senzual Roomz\"},\"image\":{\"@id\":\"https:\/\/senzualroomz.nl\/de\/#\/schema\/logo\/image\/\"},\"sameAs\":[\"https:\/\/www.instagram.com\/senzualroomz\/\",\"https:\/\/www.tiktok.com\/@senzual.roomz\"]}]}<\/script>\n<!-- \/ Yoast SEO plugin. -->","yoast_head_json":{"title":"Business - Senzual Roomz","robots":{"index":"index","follow":"follow","max-snippet":"max-snippet:-1","max-image-preview":"max-image-preview:large","max-video-preview":"max-video-preview:-1"},"canonical":"https:\/\/senzualroomz.nl\/de\/zakelijk\/","og_locale":"de_DE","og_type":"article","og_title":"Business - Senzual Roomz","og_description":"[vc_row type=&#8220;full_width_background&#8220; full_screen_row_position=&#8220;middle&#8220; column_margin=&#8220;default&#8220; equal_height=&#8220;yes&#8220; content_placement=&#8220;middle&#8220; column_direction=&#8220;default&#8220; column_direction_tablet=&#8220;default&#8220; column_direction_phone=&#8220;default&#8220; bg_image=&#8220;597&#8243; bg_position=&#8220;left top&#8220; background_image_loading=&#8220;default&#8220; bg_repeat=&#8220;no-repeat&#8220; scene_position=&#8220;center&#8220; top_padding=&#8220;10%&#8220; bottom_padding=&#8220;5%&#8220; top_padding_phone=&#8220;10%&#8220; text_color=&#8220;dark&#8220; text_align=&#8220;left&#8220; row_border_radius=&#8220;none&#8220; row_border_radius_applies=&#8220;bg&#8220; overflow=&#8220;visible&#8220; advanced_gradient=&#8220;linear-gradient(0deg, rgb(30,30,30) 2%, rgba(30,30,30,0) 29%)&#8220; shape_divider_position=&#8220;bottom&#8220; bg_image_animation=&#8220;none&#8220;...","og_url":"https:\/\/senzualroomz.nl\/de\/zakelijk\/","og_site_name":"Senzual Roomz","article_modified_time":"2025-02-07T14:59:55+00:00","og_image":[{"width":1600,"height":1067,"url":"https:\/\/senzualroomz.nl\/wp-content\/uploads\/2025\/01\/Padded-bdsm-bank-3.jpg","type":"image\/jpeg"}],"twitter_card":"summary_large_image","twitter_misc":{"Gesch\u00e4tzte Lesezeit":"3\u00a0Minuten"},"schema":{"@context":"https:\/\/schema.org","@graph":[{"@type":"WebPage","@id":"https:\/\/senzualroomz.nl\/de\/zakelijk\/","url":"https:\/\/senzualroomz.nl\/de\/zakelijk\/","name":"Business - Senzual Roomz","isPartOf":{"@id":"https:\/\/senzualroomz.nl\/de\/#website"},"primaryImageOfPage":{"@id":"https:\/\/senzualroomz.nl\/de\/zakelijk\/#primaryimage"},"image":{"@id":"https:\/\/senzualroomz.nl\/de\/zakelijk\/#primaryimage"},"thumbnailUrl":"https:\/\/senzualroomz.nl\/wp-content\/uploads\/2025\/01\/Padded-bdsm-bank-3.jpg","datePublished":"2025-01-21T13:21:15+00:00","dateModified":"2025-02-07T14:59:55+00:00","breadcrumb":{"@id":"https:\/\/senzualroomz.nl\/de\/zakelijk\/#breadcrumb"},"inLanguage":"de","potentialAction":[{"@type":"ReadAction","target":["https:\/\/senzualroomz.nl\/de\/zakelijk\/"]}]},{"@type":"ImageObject","inLanguage":"de","@id":"https:\/\/senzualroomz.nl\/de\/zakelijk\/#primaryimage","url":"https:\/\/senzualroomz.nl\/wp-content\/uploads\/2025\/01\/Padded-bdsm-bank-3.jpg","contentUrl":"https:\/\/senzualroomz.nl\/wp-content\/uploads\/2025\/01\/Padded-bdsm-bank-3.jpg","width":1600,"height":1067},{"@type":"BreadcrumbList","@id":"https:\/\/senzualroomz.nl\/de\/zakelijk\/#breadcrumb","itemListElement":[{"@type":"ListItem","position":1,"name":"Home","item":"https:\/\/senzualroomz.nl\/de\/portfolio-flare-landing\/"},{"@type":"ListItem","position":2,"name":"Business"}]},{"@type":"WebSite","@id":"https:\/\/senzualroomz.nl\/de\/#website","url":"https:\/\/senzualroomz.nl\/de\/","name":"Senzual Roomz","description":"","publisher":{"@id":"https:\/\/senzualroomz.nl\/de\/#organization"},"potentialAction":[{"@type":"SearchAction","target":{"@type":"EntryPoint","urlTemplate":"https:\/\/senzualroomz.nl\/de\/?s={search_term_string}"},"query-input":{"@type":"PropertyValueSpecification","valueRequired":true,"valueName":"search_term_string"}}],"inLanguage":"de"},{"@type":"Organization","@id":"https:\/\/senzualroomz.nl\/de\/#organization","name":"Senzual Roomz","url":"https:\/\/senzualroomz.nl\/de\/","logo":{"@type":"ImageObject","inLanguage":"de","@id":"https:\/\/senzualroomz.nl\/de\/#\/schema\/logo\/image\/","url":"https:\/\/senzualroomz.nl\/wp-content\/uploads\/2025\/01\/Senzual-Roomz-Logo-1-1-1.png","contentUrl":"https:\/\/senzualroomz.nl\/wp-content\/uploads\/2025\/01\/Senzual-Roomz-Logo-1-1-1.png","width":1602,"height":659,"caption":"Senzual Roomz"},"image":{"@id":"https:\/\/senzualroomz.nl\/de\/#\/schema\/logo\/image\/"},"sameAs":["https:\/\/www.instagram.com\/senzualroomz\/","https:\/\/www.tiktok.com\/@senzual.roomz"]}]}},"_links":{"self":[{"href":"https:\/\/senzualroomz.nl\/de\/wp-json\/wp\/v2\/pages\/820","targetHints":{"allow":["GET"]}}],"collection":[{"href":"https:\/\/senzualroomz.nl\/de\/wp-json\/wp\/v2\/pages"}],"about":[{"href":"https:\/\/senzualroomz.nl\/de\/wp-json\/wp\/v2\/types\/page"}],"author":[{"embeddable":true,"href":"https:\/\/senzualroomz.nl\/de\/wp-json\/wp\/v2\/users\/1"}],"replies":[{"embeddable":true,"href":"https:\/\/senzualroomz.nl\/de\/wp-json\/wp\/v2\/comments?post=820"}],"version-history":[{"count":2,"href":"https:\/\/senzualroomz.nl\/de\/wp-json\/wp\/v2\/pages\/820\/revisions"}],"predecessor-version":[{"id":939,"href":"https:\/\/senzualroomz.nl\/de\/wp-json\/wp\/v2\/pages\/820\/revisions\/939"}],"wp:featuredmedia":[{"embeddable":true,"href":"https:\/\/senzualroomz.nl\/de\/wp-json\/wp\/v2\/media\/818"}],"wp:attachment":[{"href":"https:\/\/senzualroomz.nl\/de\/wp-json\/wp\/v2\/media?parent=820"}],"wp:term":[{"taxonomy":"category","embeddable":true,"href":"https:\/\/senzualroomz.nl\/de\/wp-json\/wp\/v2\/categories?post=820"},{"taxonomy":"post_tag","embeddable":true,"href":"https:\/\/senzualroomz.nl\/de\/wp-json\/wp\/v2\/tags?post=820"}],"curies":[{"name":"wp","href":"https:\/\/api.w.org\/{rel}","templated":true}]}}