{"id":823,"date":"2025-01-07T13:59:14","date_gmt":"2025-01-07T13:59:14","guid":{"rendered":"https:\/\/senzualroomz.nl\/over-ons\/"},"modified":"2025-02-07T15:59:55","modified_gmt":"2025-02-07T14:59:55","slug":"over-ons","status":"publish","type":"page","link":"https:\/\/senzualroomz.nl\/de\/over-ons\/","title":{"rendered":"\u00dcber uns"},"content":{"rendered":"[vc_row type=&#8220;in_container&#8220; full_screen_row_position=&#8220;middle&#8220; column_margin=&#8220;default&#8220; column_direction=&#8220;default&#8220; column_direction_tablet=&#8220;default&#8220; column_direction_phone=&#8220;default&#8220; scene_position=&#8220;center&#8220; top_padding=&#8220;10%&#8220; top_padding_phone=&#8220;25%&#8220; text_color=&#8220;dark&#8220; text_align=&#8220;left&#8220; row_border_radius=&#8220;none&#8220; row_border_radius_applies=&#8220;bg&#8220; overflow=&#8220;visible&#8220; overlay_strength=&#8220;0.3&#8243; gradient_direction=&#8220;left_to_right&#8220; shape_divider_position=&#8220;bottom&#8220; bg_image_animation=&#8220;none&#8220; gradient_type=&#8220;default&#8220; shape_type=&#8220;&#8220;][vc_column column_padding=&#8220;no-extra-padding&#8220; column_padding_tablet=&#8220;inherit&#8220; column_padding_phone=&#8220;inherit&#8220; column_padding_position=&#8220;all&#8220; column_element_direction_desktop=&#8220;default&#8220; column_element_spacing=&#8220;default&#8220; desktop_text_alignment=&#8220;default&#8220; tablet_text_alignment=&#8220;default&#8220; phone_text_alignment=&#8220;default&#8220; background_color_opacity=&#8220;1&#8243; background_hover_color_opacity=&#8220;1&#8243; column_backdrop_filter=&#8220;none&#8220; column_shadow=&#8220;none&#8220; column_border_radius=&#8220;none&#8220; column_link_target=&#8220;_self&#8220; column_position=&#8220;default&#8220; gradient_direction=&#8220;left_to_right&#8220; overlay_strength=&#8220;0.3&#8243; width=&#8220;1\/1&#8243; tablet_width_inherit=&#8220;default&#8220; animation_type=&#8220;default&#8220; bg_image_animation=&#8220;none&#8220; border_type=&#8220;simple&#8220; column_border_width=&#8220;none&#8220; column_border_style=&#8220;solid&#8220;][vc_row_inner equal_height=&#8220;yes&#8220; content_placement=&#8220;middle&#8220; column_margin=&#8220;default&#8220; column_direction=&#8220;default&#8220; column_direction_tablet=&#8220;default&#8220; column_direction_phone=&#8220;default&#8220; text_align=&#8220;left&#8220; row_position=&#8220;default&#8220; row_position_tablet=&#8220;inherit&#8220; row_position_phone=&#8220;inherit&#8220; overflow=&#8220;visible&#8220; pointer_events=&#8220;all&#8220;][vc_column_inner column_padding=&#8220;no-extra-padding&#8220; column_padding_tablet=&#8220;inherit&#8220; column_padding_phone=&#8220;inherit&#8220; column_padding_position=&#8220;all&#8220; column_element_direction_desktop=&#8220;default&#8220; column_element_spacing=&#8220;default&#8220; desktop_text_alignment=&#8220;default&#8220; tablet_text_alignment=&#8220;default&#8220; phone_text_alignment=&#8220;default&#8220; background_color_opacity=&#8220;1&#8243; background_hover_color_opacity=&#8220;1&#8243; column_backdrop_filter=&#8220;none&#8220; column_shadow=&#8220;none&#8220; column_border_radius=&#8220;none&#8220; column_link_target=&#8220;_self&#8220; overflow=&#8220;visible&#8220; gradient_direction=&#8220;left_to_right&#8220; overlay_strength=&#8220;0.3&#8243; width=&#8220;1\/2&#8243; tablet_width_inherit=&#8220;default&#8220; animation_type=&#8220;default&#8220; bg_image_animation=&#8220;none&#8220; border_type=&#8220;simple&#8220; column_border_width=&#8220;none&#8220; column_border_style=&#8220;solid&#8220;][nectar_highlighted_text color_type=&#8220;regular&#8220; highlight_color=&#8220;#ffffff&#8220; text_color=&#8220;#3b0732&#8243; style=&#8220;full_text&#8220; highlight_expansion=&#8220;default&#8220; text_direction=&#8220;default&#8220; custom_font_size=&#8220;45px&#8220; font_line_height=&#8220;1&#8243;]\n<h2><em>\u00dcber uns<\/em><\/h2>\n[\/nectar_highlighted_text][nectar_responsive_text inherited_font_style=&#8220;default&#8220; text_direction=&#8220;default&#8220;]Jeroen &amp; Kim sind die treibende Kraft hinter Senzual Roomz, einem Konzept, bei dem es um die Zusammenstellung schuldiger Freuden in Form eines einzigartigen Zimmers geht. Mit einer tiefen Leidenschaft f\u00fcr die Gestaltung intimer und stilvoller R\u00e4ume arbeitet Jeroen mit seiner Partnerin zusammen, um R\u00e4ume zu entwerfen, die sowohl spannend als auch \u00e4sthetisch perfekt sind. <\/p>\n<p>Im Jahr 2020 machten sie sich auf die Suche, mit dem Ziel, perverse Zimmer zu entwerfen und herzustellen. Voller Enthusiasmus machten sie sich auf die Suche nach jemandem, der so etwas entwerfen und herstellen konnte. Aber sie stellten bald fest, dass es niemanden zu geben schien, der sich auf diese Art von Projekten spezialisiert hatte. Designer und Hersteller hatten zwar Ideen f\u00fcr luxuri\u00f6se Inneneinrichtungen, aber die Gestaltung eines Zimmers mit einem perversen und k\u00fchnen Look schien eine Nische zu sein, auf die sich noch niemand wirklich konzentriert hatte.   <\/p>\n<p>Diese Entdeckung brachte sie zum Nachdenken. Wenn sie diese Frage hatten, gab es sicher auch andere, die den gleichen Wunsch hatten. Diese Idee wurde zur Grundlage f\u00fcr ein neues Abenteuer: sich selbst an die Arbeit zu machen, um diesen Traum Wirklichkeit werden zu lassen. So wurde der Plan geboren, einzigartige R\u00e4ume zu entwerfen und zu realisieren, insbesondere f\u00fcr Menschen, die mehr als nur ein Standardzimmer suchen. Es war der Beginn eines Neuanfangs, um Kreativit\u00e4t, Luxus und Sinnlichkeit in einzigartigen Designs zu vereinen. Schon bald kam die Nachfrage aus der eigenen Gemeinde und dar\u00fcber hinaus, was dem Unternehmen sofort Hand und Fu\u00df gab.     <\/p>\n<p>Mit Senzual Roomz erwecken Jeroen und Kim nicht nur R\u00e4ume zum Leben, sondern schaffen auch Erlebnisse, die bleibende Eindr\u00fccke hinterlassen. Alles, worum sie Sie bitten, ist, ihnen zu vertrauen und Ihre Fantasie zu offenbaren&#8230;.[\/nectar_responsive_text][\/vc_column_inner][vc_column_inner column_padding=&#8220;no-extra-padding&#8220; column_padding_tablet=&#8220;inherit&#8220; column_padding_phone=&#8220;inherit&#8220; column_padding_position=&#8220;all&#8220; column_element_direction_desktop=&#8220;default&#8220; column_element_spacing=&#8220;default&#8220; desktop_text_alignment=&#8220;default&#8220; tablet_text_alignment=&#8220;default&#8220; phone_text_alignment=&#8220;default&#8220; background_color_opacity=&#8220;1&#8243; background_hover_color_opacity=&#8220;1&#8243; column_backdrop_filter=&#8220;none&#8220; column_shadow=&#8220;none&#8220; column_border_radius=&#8220;none&#8220; column_link_target=&#8220;_self&#8220; overflow=&#8220;visible&#8220; gradient_direction=&#8220;left_to_right&#8220; overlay_strength=&#8220;0.3&#8243; width=&#8220;1\/2&#8243; tablet_width_inherit=&#8220;default&#8220; animation_type=&#8220;default&#8220; bg_image_animation=&#8220;none&#8220; border_type=&#8220;simple&#8220; column_border_width=&#8220;none&#8220; column_border_style=&#8220;solid&#8220;][image_with_animation image_url=&#8220;751&#8243; image_size=&#8220;large&#8220; animation_type=&#8220;entrance&#8220; animation=&#8220;None&#8220; animation_movement_type=&#8220;transform_y&#8220; hover_animation=&#8220;none&#8220; alignment=&#8220;&#8220; border_radius=&#8220;20px&#8220; box_shadow=&#8220;none&#8220; image_loading=&#8220;skip-lazy-load&#8220; max_width=&#8220;100%&#8220; max_width_mobile=&#8220;default&#8220;][\/vc_column_inner][\/vc_row_inner][\/vc_column][\/vc_row]\n","protected":false},"excerpt":{"rendered":"<p>[vc_row type=&#8220;in_container&#8220; full_screen_row_position=&#8220;middle&#8220; column_margin=&#8220;default&#8220; column_direction=&#8220;default&#8220; column_direction_tablet=&#8220;default&#8220; column_direction_phone=&#8220;default&#8220; scene_position=&#8220;center&#8220; top_padding=&#8220;10%&#8220; top_padding_phone=&#8220;25%&#8220; text_color=&#8220;dark&#8220; text_align=&#8220;left&#8220; row_border_radius=&#8220;none&#8220; row_border_radius_applies=&#8220;bg&#8220; overflow=&#8220;visible&#8220; overlay_strength=&#8220;0.3&#8243; gradient_direction=&#8220;left_to_right&#8220; shape_divider_position=&#8220;bottom&#8220; bg_image_animation=&#8220;none&#8220; gradient_type=&#8220;default&#8220; shape_type=&#8220;&#8220;][vc_column column_padding=&#8220;no-extra-padding&#8220; column_padding_tablet=&#8220;inherit&#8220; column_padding_phone=&#8220;inherit&#8220; column_padding_position=&#8220;all&#8220; column_element_direction_desktop=&#8220;default&#8220; column_element_spacing=&#8220;default&#8220; desktop_text_alignment=&#8220;default&#8220; tablet_text_alignment=&#8220;default&#8220; phone_text_alignment=&#8220;default&#8220;&#8230;<\/p>\n","protected":false},"author":1,"featured_media":0,"parent":0,"menu_order":0,"comment_status":"closed","ping_status":"closed","template":"","meta":{"footnotes":""},"categories":[],"tags":[],"class_list":["post-823","page","type-page","status-publish"],"yoast_head":"<!-- This site is optimized with the Yoast SEO plugin v25.9 - https:\/\/yoast.com\/wordpress\/plugins\/seo\/ -->\n<title>\u00dcber uns - Senzual Roomz<\/title>\n<meta name=\"robots\" content=\"index, follow, max-snippet:-1, max-image-preview:large, max-video-preview:-1\" \/>\n<link rel=\"canonical\" href=\"https:\/\/senzualroomz.nl\/de\/over-ons\/\" \/>\n<meta property=\"og:locale\" content=\"de_DE\" \/>\n<meta property=\"og:type\" content=\"article\" \/>\n<meta property=\"og:title\" content=\"\u00dcber uns - Senzual Roomz\" \/>\n<meta property=\"og:description\" content=\"[vc_row type=&#8220;in_container&#8220; full_screen_row_position=&#8220;middle&#8220; column_margin=&#8220;default&#8220; column_direction=&#8220;default&#8220; column_direction_tablet=&#8220;default&#8220; column_direction_phone=&#8220;default&#8220; scene_position=&#8220;center&#8220; top_padding=&#8220;10%&#8220; top_padding_phone=&#8220;25%&#8220; text_color=&#8220;dark&#8220; text_align=&#8220;left&#8220; row_border_radius=&#8220;none&#8220; row_border_radius_applies=&#8220;bg&#8220; overflow=&#8220;visible&#8220; overlay_strength=&#8220;0.3&#8243; gradient_direction=&#8220;left_to_right&#8220; shape_divider_position=&#8220;bottom&#8220; bg_image_animation=&#8220;none&#8220; gradient_type=&#8220;default&#8220; shape_type=&#8220;&#8220;][vc_column column_padding=&#8220;no-extra-padding&#8220; column_padding_tablet=&#8220;inherit&#8220; column_padding_phone=&#8220;inherit&#8220; column_padding_position=&#8220;all&#8220; column_element_direction_desktop=&#8220;default&#8220; column_element_spacing=&#8220;default&#8220; desktop_text_alignment=&#8220;default&#8220; tablet_text_alignment=&#8220;default&#8220; phone_text_alignment=&#8220;default&#8220;...\" \/>\n<meta property=\"og:url\" content=\"https:\/\/senzualroomz.nl\/de\/over-ons\/\" \/>\n<meta property=\"og:site_name\" content=\"Senzual Roomz\" \/>\n<meta property=\"article:modified_time\" content=\"2025-02-07T14:59:55+00:00\" \/>\n<meta name=\"twitter:card\" content=\"summary_large_image\" \/>\n<meta name=\"twitter:label1\" content=\"Gesch\u00e4tzte Lesezeit\" \/>\n\t<meta name=\"twitter:data1\" content=\"4\u00a0Minuten\" \/>\n<script type=\"application\/ld+json\" class=\"yoast-schema-graph\">{\"@context\":\"https:\/\/schema.org\",\"@graph\":[{\"@type\":\"WebPage\",\"@id\":\"https:\/\/senzualroomz.nl\/de\/over-ons\/\",\"url\":\"https:\/\/senzualroomz.nl\/de\/over-ons\/\",\"name\":\"\u00dcber uns - Senzual Roomz\",\"isPartOf\":{\"@id\":\"https:\/\/senzualroomz.nl\/de\/#website\"},\"datePublished\":\"2025-01-07T13:59:14+00:00\",\"dateModified\":\"2025-02-07T14:59:55+00:00\",\"breadcrumb\":{\"@id\":\"https:\/\/senzualroomz.nl\/de\/over-ons\/#breadcrumb\"},\"inLanguage\":\"de\",\"potentialAction\":[{\"@type\":\"ReadAction\",\"target\":[\"https:\/\/senzualroomz.nl\/de\/over-ons\/\"]}]},{\"@type\":\"BreadcrumbList\",\"@id\":\"https:\/\/senzualroomz.nl\/de\/over-ons\/#breadcrumb\",\"itemListElement\":[{\"@type\":\"ListItem\",\"position\":1,\"name\":\"Home\",\"item\":\"https:\/\/senzualroomz.nl\/de\/portfolio-flare-landing\/\"},{\"@type\":\"ListItem\",\"position\":2,\"name\":\"\u00dcber uns\"}]},{\"@type\":\"WebSite\",\"@id\":\"https:\/\/senzualroomz.nl\/de\/#website\",\"url\":\"https:\/\/senzualroomz.nl\/de\/\",\"name\":\"Senzual Roomz\",\"description\":\"\",\"publisher\":{\"@id\":\"https:\/\/senzualroomz.nl\/de\/#organization\"},\"potentialAction\":[{\"@type\":\"SearchAction\",\"target\":{\"@type\":\"EntryPoint\",\"urlTemplate\":\"https:\/\/senzualroomz.nl\/de\/?s={search_term_string}\"},\"query-input\":{\"@type\":\"PropertyValueSpecification\",\"valueRequired\":true,\"valueName\":\"search_term_string\"}}],\"inLanguage\":\"de\"},{\"@type\":\"Organization\",\"@id\":\"https:\/\/senzualroomz.nl\/de\/#organization\",\"name\":\"Senzual Roomz\",\"url\":\"https:\/\/senzualroomz.nl\/de\/\",\"logo\":{\"@type\":\"ImageObject\",\"inLanguage\":\"de\",\"@id\":\"https:\/\/senzualroomz.nl\/de\/#\/schema\/logo\/image\/\",\"url\":\"https:\/\/senzualroomz.nl\/wp-content\/uploads\/2025\/01\/Senzual-Roomz-Logo-1-1-1.png\",\"contentUrl\":\"https:\/\/senzualroomz.nl\/wp-content\/uploads\/2025\/01\/Senzual-Roomz-Logo-1-1-1.png\",\"width\":1602,\"height\":659,\"caption\":\"Senzual Roomz\"},\"image\":{\"@id\":\"https:\/\/senzualroomz.nl\/de\/#\/schema\/logo\/image\/\"},\"sameAs\":[\"https:\/\/www.instagram.com\/senzualroomz\/\",\"https:\/\/www.tiktok.com\/@senzual.roomz\"]}]}<\/script>\n<!-- \/ Yoast SEO plugin. -->","yoast_head_json":{"title":"\u00dcber uns - Senzual Roomz","robots":{"index":"index","follow":"follow","max-snippet":"max-snippet:-1","max-image-preview":"max-image-preview:large","max-video-preview":"max-video-preview:-1"},"canonical":"https:\/\/senzualroomz.nl\/de\/over-ons\/","og_locale":"de_DE","og_type":"article","og_title":"\u00dcber uns - Senzual Roomz","og_description":"[vc_row type=&#8220;in_container&#8220; full_screen_row_position=&#8220;middle&#8220; column_margin=&#8220;default&#8220; column_direction=&#8220;default&#8220; column_direction_tablet=&#8220;default&#8220; column_direction_phone=&#8220;default&#8220; scene_position=&#8220;center&#8220; top_padding=&#8220;10%&#8220; top_padding_phone=&#8220;25%&#8220; text_color=&#8220;dark&#8220; text_align=&#8220;left&#8220; row_border_radius=&#8220;none&#8220; row_border_radius_applies=&#8220;bg&#8220; overflow=&#8220;visible&#8220; overlay_strength=&#8220;0.3&#8243; gradient_direction=&#8220;left_to_right&#8220; shape_divider_position=&#8220;bottom&#8220; bg_image_animation=&#8220;none&#8220; gradient_type=&#8220;default&#8220; shape_type=&#8220;&#8220;][vc_column column_padding=&#8220;no-extra-padding&#8220; column_padding_tablet=&#8220;inherit&#8220; column_padding_phone=&#8220;inherit&#8220; column_padding_position=&#8220;all&#8220; column_element_direction_desktop=&#8220;default&#8220; column_element_spacing=&#8220;default&#8220; desktop_text_alignment=&#8220;default&#8220; tablet_text_alignment=&#8220;default&#8220; phone_text_alignment=&#8220;default&#8220;...","og_url":"https:\/\/senzualroomz.nl\/de\/over-ons\/","og_site_name":"Senzual Roomz","article_modified_time":"2025-02-07T14:59:55+00:00","twitter_card":"summary_large_image","twitter_misc":{"Gesch\u00e4tzte Lesezeit":"4\u00a0Minuten"},"schema":{"@context":"https:\/\/schema.org","@graph":[{"@type":"WebPage","@id":"https:\/\/senzualroomz.nl\/de\/over-ons\/","url":"https:\/\/senzualroomz.nl\/de\/over-ons\/","name":"\u00dcber uns - Senzual Roomz","isPartOf":{"@id":"https:\/\/senzualroomz.nl\/de\/#website"},"datePublished":"2025-01-07T13:59:14+00:00","dateModified":"2025-02-07T14:59:55+00:00","breadcrumb":{"@id":"https:\/\/senzualroomz.nl\/de\/over-ons\/#breadcrumb"},"inLanguage":"de","potentialAction":[{"@type":"ReadAction","target":["https:\/\/senzualroomz.nl\/de\/over-ons\/"]}]},{"@type":"BreadcrumbList","@id":"https:\/\/senzualroomz.nl\/de\/over-ons\/#breadcrumb","itemListElement":[{"@type":"ListItem","position":1,"name":"Home","item":"https:\/\/senzualroomz.nl\/de\/portfolio-flare-landing\/"},{"@type":"ListItem","position":2,"name":"\u00dcber uns"}]},{"@type":"WebSite","@id":"https:\/\/senzualroomz.nl\/de\/#website","url":"https:\/\/senzualroomz.nl\/de\/","name":"Senzual Roomz","description":"","publisher":{"@id":"https:\/\/senzualroomz.nl\/de\/#organization"},"potentialAction":[{"@type":"SearchAction","target":{"@type":"EntryPoint","urlTemplate":"https:\/\/senzualroomz.nl\/de\/?s={search_term_string}"},"query-input":{"@type":"PropertyValueSpecification","valueRequired":true,"valueName":"search_term_string"}}],"inLanguage":"de"},{"@type":"Organization","@id":"https:\/\/senzualroomz.nl\/de\/#organization","name":"Senzual Roomz","url":"https:\/\/senzualroomz.nl\/de\/","logo":{"@type":"ImageObject","inLanguage":"de","@id":"https:\/\/senzualroomz.nl\/de\/#\/schema\/logo\/image\/","url":"https:\/\/senzualroomz.nl\/wp-content\/uploads\/2025\/01\/Senzual-Roomz-Logo-1-1-1.png","contentUrl":"https:\/\/senzualroomz.nl\/wp-content\/uploads\/2025\/01\/Senzual-Roomz-Logo-1-1-1.png","width":1602,"height":659,"caption":"Senzual Roomz"},"image":{"@id":"https:\/\/senzualroomz.nl\/de\/#\/schema\/logo\/image\/"},"sameAs":["https:\/\/www.instagram.com\/senzualroomz\/","https:\/\/www.tiktok.com\/@senzual.roomz"]}]}},"_links":{"self":[{"href":"https:\/\/senzualroomz.nl\/de\/wp-json\/wp\/v2\/pages\/823","targetHints":{"allow":["GET"]}}],"collection":[{"href":"https:\/\/senzualroomz.nl\/de\/wp-json\/wp\/v2\/pages"}],"about":[{"href":"https:\/\/senzualroomz.nl\/de\/wp-json\/wp\/v2\/types\/page"}],"author":[{"embeddable":true,"href":"https:\/\/senzualroomz.nl\/de\/wp-json\/wp\/v2\/users\/1"}],"replies":[{"embeddable":true,"href":"https:\/\/senzualroomz.nl\/de\/wp-json\/wp\/v2\/comments?post=823"}],"version-history":[{"count":2,"href":"https:\/\/senzualroomz.nl\/de\/wp-json\/wp\/v2\/pages\/823\/revisions"}],"predecessor-version":[{"id":913,"href":"https:\/\/senzualroomz.nl\/de\/wp-json\/wp\/v2\/pages\/823\/revisions\/913"}],"wp:attachment":[{"href":"https:\/\/senzualroomz.nl\/de\/wp-json\/wp\/v2\/media?parent=823"}],"wp:term":[{"taxonomy":"category","embeddable":true,"href":"https:\/\/senzualroomz.nl\/de\/wp-json\/wp\/v2\/categories?post=823"},{"taxonomy":"post_tag","embeddable":true,"href":"https:\/\/senzualroomz.nl\/de\/wp-json\/wp\/v2\/tags?post=823"}],"curies":[{"name":"wp","href":"https:\/\/api.w.org\/{rel}","templated":true}]}}