{"id":835,"date":"2025-01-07T13:54:57","date_gmt":"2025-01-07T12:54:57","guid":{"rendered":"https:\/\/senzualroomz.nl\/ontwerpen\/"},"modified":"2025-10-02T17:11:36","modified_gmt":"2025-10-02T15:11:36","slug":"ontwerpen","status":"publish","type":"page","link":"https:\/\/senzualroomz.nl\/de\/ontwerpen\/","title":{"rendered":"Entw\u00fcrfe"},"content":{"rendered":"[vc_row type=&#8220;full_width_background&#8220; full_screen_row_position=&#8220;middle&#8220; column_margin=&#8220;default&#8220; column_direction=&#8220;default&#8220; column_direction_tablet=&#8220;default&#8220; column_direction_phone=&#8220;default&#8220; bg_image=&#8220;653&#8243; bg_position=&#8220;left top&#8220; background_image_loading=&#8220;default&#8220; bg_repeat=&#8220;no-repeat&#8220; scene_position=&#8220;center&#8220; top_padding=&#8220;10%&#8220; bottom_padding=&#8220;5%&#8220; top_padding_phone=&#8220;10%&#8220; text_color=&#8220;dark&#8220; text_align=&#8220;left&#8220; row_border_radius=&#8220;none&#8220; row_border_radius_applies=&#8220;bg&#8220; overflow=&#8220;visible&#8220; advanced_gradient=&#8220;linear-gradient(0deg, rgb(30,30,30) 2%, rgba(30,30,30,0) 100%)&#8220; shape_divider_position=&#8220;bottom&#8220; bg_image_animation=&#8220;none&#8220; gradient_type=&#8220;advanced&#8220; shape_type=&#8220;&#8220; advanced_gradient_display_type=&#8220;linear&#8220;][vc_column column_padding=&#8220;no-extra-padding&#8220; column_padding_tablet=&#8220;inherit&#8220; column_padding_phone=&#8220;inherit&#8220; column_padding_position=&#8220;all&#8220; column_element_direction_desktop=&#8220;default&#8220; column_element_spacing=&#8220;default&#8220; desktop_text_alignment=&#8220;default&#8220; tablet_text_alignment=&#8220;default&#8220; phone_text_alignment=&#8220;default&#8220; background_color_opacity=&#8220;1&#8243; background_hover_color_opacity=&#8220;1&#8243; column_backdrop_filter=&#8220;none&#8220; column_shadow=&#8220;none&#8220; column_border_radius=&#8220;none&#8220; column_link_target=&#8220;_self&#8220; column_position=&#8220;default&#8220; gradient_direction=&#8220;left_to_right&#8220; overlay_strength=&#8220;0.3&#8243; width=&#8220;1\/2&#8243; tablet_width_inherit=&#8220;default&#8220; animation_type=&#8220;default&#8220; bg_image_animation=&#8220;none&#8220; border_type=&#8220;simple&#8220; column_border_width=&#8220;none&#8220; column_border_style=&#8220;solid&#8220;][nectar_highlighted_text color_type=&#8220;regular&#8220; highlight_color=&#8220;#ffffff&#8220; text_color=&#8220;#3b0732&#8243; style=&#8220;full_text&#8220; highlight_expansion=&#8220;default&#8220; text_direction=&#8220;default&#8220; custom_font_size=&#8220;45px&#8220; font_line_height=&#8220;1&#8243;]\n<h2><em>Entw\u00fcrfe<\/em><\/h2>\n[\/nectar_highlighted_text][nectar_responsive_text inherited_font_style=&#8220;default&#8220; text_direction=&#8220;default&#8220;]<strong>Wo die Phantasie Gestalt annimmt und die Fantasie zum Leben erwacht<\/strong><\/p>\n<p>Bei uns beginnt jeder Entwurf in dem Moment, in dem der Bleistift auf das Papier trifft. Es ist der Beginn der kreativen Ber\u00fchrung, bei der W\u00fcnsche in greifbare Realit\u00e4t verwandelt werden. Mit jeder Linie, jeder Skizze und jedem Detail bringen wir Lust in R\u00e4ume, die nicht nur begeistern, sondern auch ein Erlebnis zum Leben erwecken.  <\/p>\n<p>D<strong>as Design: Wo die Verf\u00fchrung beginnt<\/strong> Sobald die erste Skizze auf dem Papier steht, entfaltet sich ein Raum voller M\u00f6glichkeiten. Gemeinsam \u00fcberlegen wir, wie wir Ihre Fantasien in einen Raum umsetzen k\u00f6nnen, der Ihre tiefsten Sehns\u00fcchte widerspiegelt. Denken Sie an das perfekte Zusammenspiel von Farben, Materialien, die zum Anfassen einladen, und Beleuchtung, die eine k\u00fchne und intime Atmosph\u00e4re schafft.  <\/p>\n<p>V<strong>on der Skizze zur Sensation<\/strong> Jeder Schritt unseres Prozesses ist von Leidenschaft und Erotik durchdrungen:<\/p>\n<p style=\"text-align: left;\"><strong>\u2193 Einf\u00fchrung, Moodboard &amp; Angebot<\/strong><b> <\/b><\/p>\n<p>Wir beginnen mit einem pers\u00f6nlichen Gespr\u00e4ch. Wir h\u00f6ren uns Ihre W\u00fcnsche, Ideen und Sehns\u00fcchte an. <\/p>\n<p>Wir tauschen die notwendigen Dateien aus; denken Sie an Raumma\u00dfe, Grundrisse, falls vorhanden, Fotos des Raums. Auf dieser Grundlage erstellen wir ein Moodboard. Eine erste Vorstellung von Atmosph\u00e4re und Textur &#8211; dies zusammen mit einem passenden Designangebot.  <\/p>\n<p><strong>\u2193 Skizzenentwurf  <\/strong><\/p>\n<p>In dieser Phase \u00f6ffnen wir die T\u00fcr zur Phantasie. Wir erkunden den Raum, seine Formen, seine M\u00f6glichkeiten. Skizzen-Kritzeleien, die zum Anfassen einladen, Layouts, die Spannung aufbauen. Alles ist noch offen. Alles kann erforscht werden. Danach wird alles angepasst.     <\/p>\n<p><strong>\u2193 Vorl\u00e4ufiger Entwurf<\/strong><b> <\/b><\/p>\n<p>Das ist der Moment, in dem das Konzept zu atmen beginnt. Was Sie ber\u00fchrt, bringen wir zusammen. <\/p>\n<p>Jedes Detail ist auf die Erfahrung ausgerichtet, die Sie suchen: Wie f\u00fchlt es sich an, diesen Raum zu betreten? Was sehen, h\u00f6ren, f\u00fchlen Sie&#8230;? <\/p>\n<p>Wir pr\u00e4sentieren dieses Design nicht nur visuell, sondern auch greifbar: mit sorgf\u00e4ltig zusammengestellten Demo-Materialien lassen wir Sie die Stoffe, Texturen und Oberfl\u00e4chen f\u00fchlen. Auf diese Weise erleben Sie sofort, was ein Raum bald ausstrahlen wird. <\/p>\n<p>Der Vorentwurf ist also die Phase, in der sich Ihre Vision und unsere Kreativit\u00e4t voll und ganz treffen.<\/p>\n<p><strong>\u2193 Endg\u00fcltiger Entwurf  <\/strong><\/p>\n<p>Der Wunsch hat seine Form. In dieser Phase wird das Design vollst\u00e4ndig zu einem konkreten und ausf\u00fchrbaren Plan entwickelt. Jedes Element, vom Layout bis zur Beleuchtung, von der Textur bis zur Farbe, wird erfasst, verfeinert und aufeinander abgestimmt. Dies ist der Moment der Best\u00e4tigung: Alles passt zusammen und Sie wissen genau, was Sie erwartet.   <\/p>\n<p><strong>\u2193 Verwirklichung &amp; F\u00fchrung  <\/strong><\/p>\n<p>Wenn Sie voll und ganz hinter dem Entwurf stehen, laden wir Sie ein, uns auch das Vertrauen zu schenken, Ihren Raum auszuf\u00fchren oder zu betreuen.<\/p>\n<p>Auf der Grundlage des endg\u00fcltigen Entwurfs erstellen wir einen detaillierten Kostenvoranschlag f\u00fcr die Ausf\u00fchrung, der ganz auf Ihre W\u00fcnsche zugeschnitten ist. Damit stellen wir sicher, dass jedes Detail stimmt, von der ersten Ber\u00fchrung bis zum letzten Licht. <\/p>\n<p>E<strong>ine Erfahrung, die bleibt<\/strong> Bei Senzual Roomz entwerfen wir mehr als nur Zimmer; wir entwerfen Erfahrungen. Unsere R\u00e4ume sind Orte, an denen Sie aus der Alltagsrealit\u00e4t ausbrechen und in eine Welt der Verf\u00fchrung eintauchen. Sei es ein knisternder Kamin oder ein aufregendes Designerst\u00fcck, das dem Raum das gewisse Extra verleiht.  <\/p>\n<p>E<strong>ine einzigartige Mission: Ihre W\u00fcnsche, unsere Leidenschaft<\/strong> Wir verstehen, dass jeder Mensch anders ist. Deshalb sorgen wir daf\u00fcr, dass Ihr Zimmer nicht nur sch\u00f6n ist, sondern auch perfekt zu Ihren W\u00fcnschen passt. <\/p>\n<p><strong>Bereit zum Entdecken?<\/strong><br \/>\nLassen Sie uns Ihre Tr\u00e4ume zum Leben erwecken. Bei Senzual Roomz beginnt jedes Abenteuer mit einem Bleistiftstrich und endet mit einem Raum, der alles \u00fcbertrifft, was Sie sich jemals vorgestellt haben.[\/nectar_responsive_text][\/vc_column][vc_column column_padding=&#8220;no-extra-padding&#8220; column_padding_tablet=&#8220;inherit&#8220; column_padding_phone=&#8220;inherit&#8220; column_padding_position=&#8220;all&#8220; column_element_direction_desktop=&#8220;default&#8220; column_element_spacing=&#8220;default&#8220; desktop_text_alignment=&#8220;default&#8220; tablet_text_alignment=&#8220;default&#8220; phone_text_alignment=&#8220;default&#8220; background_color_opacity=&#8220;1&#8243; background_hover_color_opacity=&#8220;1&#8243; column_backdrop_filter=&#8220;none&#8220; column_shadow=&#8220;none&#8220; column_border_radius=&#8220;none&#8220; column_link_target=&#8220;_self&#8220; column_position=&#8220;default&#8220; gradient_direction=&#8220;left_to_right&#8220; overlay_strength=&#8220;0.3&#8243; width=&#8220;1\/2&#8243; tablet_width_inherit=&#8220;default&#8220; animation_type=&#8220;default&#8220; bg_image_animation=&#8220;none&#8220; border_type=&#8220;simple&#8220; column_border_width=&#8220;none&#8220; column_border_style=&#8220;solid&#8220;][image_with_animation image_url=&#8220;1226&#8243; image_size=&#8220;full&#8220; max_width=&#8220;100%&#8220; max_width_mobile=&#8220;default&#8220; animation_type=&#8220;entrance&#8220; animation=&#8220;None&#8220; animation_movement_type=&#8220;transform_y&#8220; hover_animation=&#8220;none&#8220; alignment=&#8220;&#8220; border_radius=&#8220;20px&#8220; box_shadow=&#8220;none&#8220; image_loading=&#8220;default&#8220;][image_with_animation image_url=&#8220;1236&#8243; image_size=&#8220;full&#8220; max_width=&#8220;100%&#8220; max_width_mobile=&#8220;default&#8220; animation_type=&#8220;entrance&#8220; animation=&#8220;None&#8220; animation_movement_type=&#8220;transform_y&#8220; hover_animation=&#8220;none&#8220; alignment=&#8220;&#8220; border_radius=&#8220;20px&#8220; box_shadow=&#8220;none&#8220; image_loading=&#8220;default&#8220;][image_with_animation image_url=&#8220;1230&#8243; image_size=&#8220;full&#8220; max_width=&#8220;100%&#8220; max_width_mobile=&#8220;default&#8220; animation_type=&#8220;entrance&#8220; animation=&#8220;None&#8220; animation_movement_type=&#8220;transform_y&#8220; hover_animation=&#8220;none&#8220; alignment=&#8220;&#8220; border_radius=&#8220;20px&#8220; box_shadow=&#8220;none&#8220; image_loading=&#8220;skip-lazy-load&#8220;][image_with_animation image_url=&#8220;1233&#8243; image_size=&#8220;full&#8220; max_width=&#8220;100%&#8220; max_width_mobile=&#8220;default&#8220; animation_type=&#8220;entrance&#8220; animation=&#8220;None&#8220; animation_movement_type=&#8220;transform_y&#8220; hover_animation=&#8220;none&#8220; alignment=&#8220;&#8220; border_radius=&#8220;20px&#8220; box_shadow=&#8220;none&#8220; image_loading=&#8220;default&#8220;][\/vc_column][\/vc_row]\n","protected":false},"excerpt":{"rendered":"<p>[vc_row type=&#8220;full_width_background&#8220; full_screen_row_position=&#8220;middle&#8220; column_margin=&#8220;default&#8220; column_direction=&#8220;default&#8220; column_direction_tablet=&#8220;default&#8220; column_direction_phone=&#8220;default&#8220; bg_image=&#8220;653&#8243; bg_position=&#8220;left top&#8220; background_image_loading=&#8220;default&#8220; bg_repeat=&#8220;no-repeat&#8220; scene_position=&#8220;center&#8220; top_padding=&#8220;10%&#8220; bottom_padding=&#8220;5%&#8220; top_padding_phone=&#8220;10%&#8220; text_color=&#8220;dark&#8220; text_align=&#8220;left&#8220; row_border_radius=&#8220;none&#8220; row_border_radius_applies=&#8220;bg&#8220; overflow=&#8220;visible&#8220; advanced_gradient=&#8220;linear-gradient(0deg, rgb(30,30,30) 2%, rgba(30,30,30,0) 100%)&#8220; shape_divider_position=&#8220;bottom&#8220; bg_image_animation=&#8220;none&#8220; gradient_type=&#8220;advanced&#8220; shape_type=&#8220;&#8220;&#8230;<\/p>\n","protected":false},"author":1,"featured_media":836,"parent":0,"menu_order":0,"comment_status":"closed","ping_status":"closed","template":"","meta":{"footnotes":""},"categories":[21],"tags":[],"class_list":{"0":"post-835","1":"page","2":"type-page","3":"status-publish","4":"has-post-thumbnail","6":"category-homepage-de"},"yoast_head":"<!-- This site is optimized with the Yoast SEO plugin v25.9 - https:\/\/yoast.com\/wordpress\/plugins\/seo\/ -->\n<title>Entw\u00fcrfe - Senzual Roomz<\/title>\n<meta name=\"robots\" content=\"index, follow, max-snippet:-1, max-image-preview:large, max-video-preview:-1\" \/>\n<link rel=\"canonical\" href=\"https:\/\/senzualroomz.nl\/de\/ontwerpen\/\" \/>\n<meta property=\"og:locale\" content=\"de_DE\" \/>\n<meta property=\"og:type\" content=\"article\" \/>\n<meta property=\"og:title\" content=\"Entw\u00fcrfe - Senzual Roomz\" \/>\n<meta property=\"og:description\" content=\"[vc_row type=&#8220;full_width_background&#8220; full_screen_row_position=&#8220;middle&#8220; column_margin=&#8220;default&#8220; column_direction=&#8220;default&#8220; column_direction_tablet=&#8220;default&#8220; column_direction_phone=&#8220;default&#8220; bg_image=&#8220;653&#8243; bg_position=&#8220;left top&#8220; background_image_loading=&#8220;default&#8220; bg_repeat=&#8220;no-repeat&#8220; scene_position=&#8220;center&#8220; top_padding=&#8220;10%&#8220; bottom_padding=&#8220;5%&#8220; top_padding_phone=&#8220;10%&#8220; text_color=&#8220;dark&#8220; text_align=&#8220;left&#8220; row_border_radius=&#8220;none&#8220; row_border_radius_applies=&#8220;bg&#8220; overflow=&#8220;visible&#8220; advanced_gradient=&#8220;linear-gradient(0deg, rgb(30,30,30) 2%, rgba(30,30,30,0) 100%)&#8220; shape_divider_position=&#8220;bottom&#8220; bg_image_animation=&#8220;none&#8220; gradient_type=&#8220;advanced&#8220; shape_type=&#8220;&#8220;...\" \/>\n<meta property=\"og:url\" content=\"https:\/\/senzualroomz.nl\/de\/ontwerpen\/\" \/>\n<meta property=\"og:site_name\" content=\"Senzual Roomz\" \/>\n<meta property=\"article:modified_time\" content=\"2025-10-02T15:11:36+00:00\" \/>\n<meta property=\"og:image\" content=\"https:\/\/senzualroomz.nl\/wp-content\/uploads\/2025\/01\/Padded-bdsm-bank-6.jpg\" \/>\n\t<meta property=\"og:image:width\" content=\"1600\" \/>\n\t<meta property=\"og:image:height\" content=\"1067\" \/>\n\t<meta property=\"og:image:type\" content=\"image\/jpeg\" \/>\n<meta name=\"twitter:card\" content=\"summary_large_image\" \/>\n<meta name=\"twitter:label1\" content=\"Gesch\u00e4tzte Lesezeit\" \/>\n\t<meta name=\"twitter:data1\" content=\"5\u00a0Minuten\" \/>\n<script type=\"application\/ld+json\" class=\"yoast-schema-graph\">{\"@context\":\"https:\/\/schema.org\",\"@graph\":[{\"@type\":\"WebPage\",\"@id\":\"https:\/\/senzualroomz.nl\/de\/ontwerpen\/\",\"url\":\"https:\/\/senzualroomz.nl\/de\/ontwerpen\/\",\"name\":\"Entw\u00fcrfe - Senzual Roomz\",\"isPartOf\":{\"@id\":\"https:\/\/senzualroomz.nl\/de\/#website\"},\"primaryImageOfPage\":{\"@id\":\"https:\/\/senzualroomz.nl\/de\/ontwerpen\/#primaryimage\"},\"image\":{\"@id\":\"https:\/\/senzualroomz.nl\/de\/ontwerpen\/#primaryimage\"},\"thumbnailUrl\":\"https:\/\/senzualroomz.nl\/wp-content\/uploads\/2025\/01\/Padded-bdsm-bank-6.jpg\",\"datePublished\":\"2025-01-07T12:54:57+00:00\",\"dateModified\":\"2025-10-02T15:11:36+00:00\",\"breadcrumb\":{\"@id\":\"https:\/\/senzualroomz.nl\/de\/ontwerpen\/#breadcrumb\"},\"inLanguage\":\"de\",\"potentialAction\":[{\"@type\":\"ReadAction\",\"target\":[\"https:\/\/senzualroomz.nl\/de\/ontwerpen\/\"]}]},{\"@type\":\"ImageObject\",\"inLanguage\":\"de\",\"@id\":\"https:\/\/senzualroomz.nl\/de\/ontwerpen\/#primaryimage\",\"url\":\"https:\/\/senzualroomz.nl\/wp-content\/uploads\/2025\/01\/Padded-bdsm-bank-6.jpg\",\"contentUrl\":\"https:\/\/senzualroomz.nl\/wp-content\/uploads\/2025\/01\/Padded-bdsm-bank-6.jpg\",\"width\":1600,\"height\":1067},{\"@type\":\"BreadcrumbList\",\"@id\":\"https:\/\/senzualroomz.nl\/de\/ontwerpen\/#breadcrumb\",\"itemListElement\":[{\"@type\":\"ListItem\",\"position\":1,\"name\":\"Home\",\"item\":\"https:\/\/senzualroomz.nl\/de\/portfolio-flare-landing\/\"},{\"@type\":\"ListItem\",\"position\":2,\"name\":\"Entw\u00fcrfe\"}]},{\"@type\":\"WebSite\",\"@id\":\"https:\/\/senzualroomz.nl\/de\/#website\",\"url\":\"https:\/\/senzualroomz.nl\/de\/\",\"name\":\"Senzual Roomz\",\"description\":\"\",\"publisher\":{\"@id\":\"https:\/\/senzualroomz.nl\/de\/#organization\"},\"potentialAction\":[{\"@type\":\"SearchAction\",\"target\":{\"@type\":\"EntryPoint\",\"urlTemplate\":\"https:\/\/senzualroomz.nl\/de\/?s={search_term_string}\"},\"query-input\":{\"@type\":\"PropertyValueSpecification\",\"valueRequired\":true,\"valueName\":\"search_term_string\"}}],\"inLanguage\":\"de\"},{\"@type\":\"Organization\",\"@id\":\"https:\/\/senzualroomz.nl\/de\/#organization\",\"name\":\"Senzual Roomz\",\"url\":\"https:\/\/senzualroomz.nl\/de\/\",\"logo\":{\"@type\":\"ImageObject\",\"inLanguage\":\"de\",\"@id\":\"https:\/\/senzualroomz.nl\/de\/#\/schema\/logo\/image\/\",\"url\":\"https:\/\/senzualroomz.nl\/wp-content\/uploads\/2025\/01\/Senzual-Roomz-Logo-1-1-1.png\",\"contentUrl\":\"https:\/\/senzualroomz.nl\/wp-content\/uploads\/2025\/01\/Senzual-Roomz-Logo-1-1-1.png\",\"width\":1602,\"height\":659,\"caption\":\"Senzual Roomz\"},\"image\":{\"@id\":\"https:\/\/senzualroomz.nl\/de\/#\/schema\/logo\/image\/\"},\"sameAs\":[\"https:\/\/www.instagram.com\/senzualroomz\/\",\"https:\/\/www.tiktok.com\/@senzual.roomz\"]}]}<\/script>\n<!-- \/ Yoast SEO plugin. -->","yoast_head_json":{"title":"Entw\u00fcrfe - Senzual Roomz","robots":{"index":"index","follow":"follow","max-snippet":"max-snippet:-1","max-image-preview":"max-image-preview:large","max-video-preview":"max-video-preview:-1"},"canonical":"https:\/\/senzualroomz.nl\/de\/ontwerpen\/","og_locale":"de_DE","og_type":"article","og_title":"Entw\u00fcrfe - Senzual Roomz","og_description":"[vc_row type=&#8220;full_width_background&#8220; full_screen_row_position=&#8220;middle&#8220; column_margin=&#8220;default&#8220; column_direction=&#8220;default&#8220; column_direction_tablet=&#8220;default&#8220; column_direction_phone=&#8220;default&#8220; bg_image=&#8220;653&#8243; bg_position=&#8220;left top&#8220; background_image_loading=&#8220;default&#8220; bg_repeat=&#8220;no-repeat&#8220; scene_position=&#8220;center&#8220; top_padding=&#8220;10%&#8220; bottom_padding=&#8220;5%&#8220; top_padding_phone=&#8220;10%&#8220; text_color=&#8220;dark&#8220; text_align=&#8220;left&#8220; row_border_radius=&#8220;none&#8220; row_border_radius_applies=&#8220;bg&#8220; overflow=&#8220;visible&#8220; advanced_gradient=&#8220;linear-gradient(0deg, rgb(30,30,30) 2%, rgba(30,30,30,0) 100%)&#8220; shape_divider_position=&#8220;bottom&#8220; bg_image_animation=&#8220;none&#8220; gradient_type=&#8220;advanced&#8220; shape_type=&#8220;&#8220;...","og_url":"https:\/\/senzualroomz.nl\/de\/ontwerpen\/","og_site_name":"Senzual Roomz","article_modified_time":"2025-10-02T15:11:36+00:00","og_image":[{"width":1600,"height":1067,"url":"https:\/\/senzualroomz.nl\/wp-content\/uploads\/2025\/01\/Padded-bdsm-bank-6.jpg","type":"image\/jpeg"}],"twitter_card":"summary_large_image","twitter_misc":{"Gesch\u00e4tzte Lesezeit":"5\u00a0Minuten"},"schema":{"@context":"https:\/\/schema.org","@graph":[{"@type":"WebPage","@id":"https:\/\/senzualroomz.nl\/de\/ontwerpen\/","url":"https:\/\/senzualroomz.nl\/de\/ontwerpen\/","name":"Entw\u00fcrfe - Senzual Roomz","isPartOf":{"@id":"https:\/\/senzualroomz.nl\/de\/#website"},"primaryImageOfPage":{"@id":"https:\/\/senzualroomz.nl\/de\/ontwerpen\/#primaryimage"},"image":{"@id":"https:\/\/senzualroomz.nl\/de\/ontwerpen\/#primaryimage"},"thumbnailUrl":"https:\/\/senzualroomz.nl\/wp-content\/uploads\/2025\/01\/Padded-bdsm-bank-6.jpg","datePublished":"2025-01-07T12:54:57+00:00","dateModified":"2025-10-02T15:11:36+00:00","breadcrumb":{"@id":"https:\/\/senzualroomz.nl\/de\/ontwerpen\/#breadcrumb"},"inLanguage":"de","potentialAction":[{"@type":"ReadAction","target":["https:\/\/senzualroomz.nl\/de\/ontwerpen\/"]}]},{"@type":"ImageObject","inLanguage":"de","@id":"https:\/\/senzualroomz.nl\/de\/ontwerpen\/#primaryimage","url":"https:\/\/senzualroomz.nl\/wp-content\/uploads\/2025\/01\/Padded-bdsm-bank-6.jpg","contentUrl":"https:\/\/senzualroomz.nl\/wp-content\/uploads\/2025\/01\/Padded-bdsm-bank-6.jpg","width":1600,"height":1067},{"@type":"BreadcrumbList","@id":"https:\/\/senzualroomz.nl\/de\/ontwerpen\/#breadcrumb","itemListElement":[{"@type":"ListItem","position":1,"name":"Home","item":"https:\/\/senzualroomz.nl\/de\/portfolio-flare-landing\/"},{"@type":"ListItem","position":2,"name":"Entw\u00fcrfe"}]},{"@type":"WebSite","@id":"https:\/\/senzualroomz.nl\/de\/#website","url":"https:\/\/senzualroomz.nl\/de\/","name":"Senzual Roomz","description":"","publisher":{"@id":"https:\/\/senzualroomz.nl\/de\/#organization"},"potentialAction":[{"@type":"SearchAction","target":{"@type":"EntryPoint","urlTemplate":"https:\/\/senzualroomz.nl\/de\/?s={search_term_string}"},"query-input":{"@type":"PropertyValueSpecification","valueRequired":true,"valueName":"search_term_string"}}],"inLanguage":"de"},{"@type":"Organization","@id":"https:\/\/senzualroomz.nl\/de\/#organization","name":"Senzual Roomz","url":"https:\/\/senzualroomz.nl\/de\/","logo":{"@type":"ImageObject","inLanguage":"de","@id":"https:\/\/senzualroomz.nl\/de\/#\/schema\/logo\/image\/","url":"https:\/\/senzualroomz.nl\/wp-content\/uploads\/2025\/01\/Senzual-Roomz-Logo-1-1-1.png","contentUrl":"https:\/\/senzualroomz.nl\/wp-content\/uploads\/2025\/01\/Senzual-Roomz-Logo-1-1-1.png","width":1602,"height":659,"caption":"Senzual Roomz"},"image":{"@id":"https:\/\/senzualroomz.nl\/de\/#\/schema\/logo\/image\/"},"sameAs":["https:\/\/www.instagram.com\/senzualroomz\/","https:\/\/www.tiktok.com\/@senzual.roomz"]}]}},"_links":{"self":[{"href":"https:\/\/senzualroomz.nl\/de\/wp-json\/wp\/v2\/pages\/835","targetHints":{"allow":["GET"]}}],"collection":[{"href":"https:\/\/senzualroomz.nl\/de\/wp-json\/wp\/v2\/pages"}],"about":[{"href":"https:\/\/senzualroomz.nl\/de\/wp-json\/wp\/v2\/types\/page"}],"author":[{"embeddable":true,"href":"https:\/\/senzualroomz.nl\/de\/wp-json\/wp\/v2\/users\/1"}],"replies":[{"embeddable":true,"href":"https:\/\/senzualroomz.nl\/de\/wp-json\/wp\/v2\/comments?post=835"}],"version-history":[{"count":16,"href":"https:\/\/senzualroomz.nl\/de\/wp-json\/wp\/v2\/pages\/835\/revisions"}],"predecessor-version":[{"id":1248,"href":"https:\/\/senzualroomz.nl\/de\/wp-json\/wp\/v2\/pages\/835\/revisions\/1248"}],"wp:featuredmedia":[{"embeddable":true,"href":"https:\/\/senzualroomz.nl\/de\/wp-json\/wp\/v2\/media\/836"}],"wp:attachment":[{"href":"https:\/\/senzualroomz.nl\/de\/wp-json\/wp\/v2\/media?parent=835"}],"wp:term":[{"taxonomy":"category","embeddable":true,"href":"https:\/\/senzualroomz.nl\/de\/wp-json\/wp\/v2\/categories?post=835"},{"taxonomy":"post_tag","embeddable":true,"href":"https:\/\/senzualroomz.nl\/de\/wp-json\/wp\/v2\/tags?post=835"}],"curies":[{"name":"wp","href":"https:\/\/api.w.org\/{rel}","templated":true}]}}