{"id":839,"date":"2025-01-07T13:52:25","date_gmt":"2025-01-07T13:52:25","guid":{"rendered":"https:\/\/senzualroomz.nl\/kamers\/"},"modified":"2025-02-07T15:59:48","modified_gmt":"2025-02-07T14:59:48","slug":"kamers","status":"publish","type":"page","link":"https:\/\/senzualroomz.nl\/de\/kamers\/","title":{"rendered":"Zimmer"},"content":{"rendered":"[vc_row type=&#8220;full_width_background&#8220; full_screen_row_position=&#8220;middle&#8220; column_margin=&#8220;default&#8220; column_direction=&#8220;default&#8220; column_direction_tablet=&#8220;default&#8220; column_direction_phone=&#8220;default&#8220; bg_image=&#8220;576&#8243; bg_position=&#8220;left top&#8220; background_image_loading=&#8220;default&#8220; bg_repeat=&#8220;no-repeat&#8220; scene_position=&#8220;center&#8220; top_padding=&#8220;10%&#8220; bottom_padding=&#8220;5%&#8220; top_padding_phone=&#8220;10%&#8220; text_color=&#8220;dark&#8220; text_align=&#8220;left&#8220; row_border_radius=&#8220;none&#8220; row_border_radius_applies=&#8220;bg&#8220; overflow=&#8220;visible&#8220; advanced_gradient=&#8220;linear-gradient(0deg, rgb(30,30,30) 2%, rgba(30,30,30,0) 66%)&#8220; shape_divider_position=&#8220;bottom&#8220; bg_image_animation=&#8220;none&#8220; gradient_type=&#8220;advanced&#8220; shape_type=&#8220;&#8220; advanced_gradient_display_type=&#8220;linear&#8220;][vc_column column_padding=&#8220;no-extra-padding&#8220; column_padding_tablet=&#8220;inherit&#8220; column_padding_phone=&#8220;inherit&#8220; column_padding_position=&#8220;all&#8220; column_element_direction_desktop=&#8220;default&#8220; column_element_spacing=&#8220;default&#8220; desktop_text_alignment=&#8220;default&#8220; tablet_text_alignment=&#8220;default&#8220; phone_text_alignment=&#8220;default&#8220; background_color_opacity=&#8220;1&#8243; background_hover_color_opacity=&#8220;1&#8243; column_backdrop_filter=&#8220;none&#8220; column_shadow=&#8220;none&#8220; column_border_radius=&#8220;none&#8220; column_link_target=&#8220;_self&#8220; column_position=&#8220;default&#8220; gradient_direction=&#8220;left_to_right&#8220; overlay_strength=&#8220;0.3&#8243; width=&#8220;1\/2&#8243; tablet_width_inherit=&#8220;default&#8220; animation_type=&#8220;default&#8220; bg_image_animation=&#8220;none&#8220; border_type=&#8220;simple&#8220; column_border_width=&#8220;none&#8220; column_border_style=&#8220;solid&#8220;][nectar_highlighted_text color_type=&#8220;regular&#8220; highlight_color=&#8220;#ffffff&#8220; text_color=&#8220;#3b0732&#8243; style=&#8220;full_text&#8220; highlight_expansion=&#8220;default&#8220; text_direction=&#8220;default&#8220; custom_font_size=&#8220;45px&#8220; font_line_height=&#8220;1&#8243;]\n<h2><em>Zimmer<\/em><\/h2>\n[\/nectar_highlighted_text][nectar_responsive_text inherited_font_style=&#8220;default&#8220; text_direction=&#8220;default&#8220;]<strong>Unsere Zimmer: Eine Welt der Verf\u00fchrung und Erfahrung<\/strong><\/p>\n<p>Wir bieten eine einzigartige Auswahl an Zimmern, die perfekt zu Ihren Bed\u00fcrfnissen und Fantasien passen. Ganz gleich, ob Sie ein intimes, romantisches Ambiente suchen oder einen Raum, der zu aufregenden und gewagten Entdeckungen einl\u00e4dt. Hier sind einige der Atmosph\u00e4ren, die wir schaffen:  <\/p>\n<ul>\n<li><strong>Sinnlich und romantisch:<\/strong> Entfliehen Sie gemeinsam der Realit\u00e4t in einem Raum voller weicher Stoffe, warmer Beleuchtung und luxuri\u00f6ser Details. Perfekt f\u00fcr einen unvergesslichen Abend voller Romantik und Verf\u00fchrung. <\/li>\n<li><strong>Aufregend und k\u00fchn:<\/strong> Lassen Sie sich von den R\u00e4umen mit herausfordernden Elementen und einem Hauch von Geheimnis \u00fcberraschen. Denken Sie an Spiegeldecken, kr\u00e4ftige Farben und verspielte Akzente, die Sie dazu einladen, Grenzen auszuloten. <\/li>\n<li><strong>Kink und Fetisch:<\/strong> F\u00fcr diejenigen, die sich trauen, bieten wir Zimmer mit einzigartigen Eigenschaften wie massiven Kreuzen, K\u00e4figen und anderen aufregenden Attributen. Alles ist stilvoll gestaltet, damit Sie sich in v\u00f6lliger Freiheit vergn\u00fcgen k\u00f6nnen. <\/li>\n<\/ul>\n<p>&nbsp;<\/p>\n<p>Ganz gleich, ob Sie ein intimes Zimmer in Ihrem Privathaushalt suchen oder eine luxuri\u00f6se und anregende Atmosph\u00e4re in einem (Liebes-)Hotel, einem Club oder einer anderen einladenden Umgebung schaffen m\u00f6chten, wir sind bereit, jede Fantasie, jeden Kink und Fetisch in ein Zimmer umzusetzen. Schauen Sie einfach unter der Kategorie[\/nectar_responsive_text][nectar_btn size=&#8220;large&#8220; button_style=&#8220;regular&#8220; button_color_2=&#8220;Accent-Color&#8220; icon_family=&#8220;none&#8220; text=&#8220;F\u00fcr Privatpersonen&#8220; margin_right=&#8220;10&#8243; url=&#8220;https:\/\/senzualroomz.nl\/de\/particulier\/&#8220;][nectar_btn size=&#8220;large&#8220; button_style=&#8220;regular&#8220; button_color_2=&#8220;Accent-Color&#8220; icon_family=&#8220;none&#8220; text=&#8220;Business&#8220; url=&#8220;https:\/\/senzualroomz.nl\/de\/zakelijk\/&#8220;][\/vc_column][vc_column column_padding=&#8220;no-extra-padding&#8220; column_padding_tablet=&#8220;inherit&#8220; column_padding_phone=&#8220;inherit&#8220; column_padding_position=&#8220;all&#8220; column_element_direction_desktop=&#8220;default&#8220; column_element_spacing=&#8220;default&#8220; desktop_text_alignment=&#8220;default&#8220; tablet_text_alignment=&#8220;default&#8220; phone_text_alignment=&#8220;default&#8220; background_color_opacity=&#8220;1&#8243; background_hover_color_opacity=&#8220;1&#8243; column_backdrop_filter=&#8220;none&#8220; column_shadow=&#8220;none&#8220; column_border_radius=&#8220;none&#8220; column_link_target=&#8220;_self&#8220; column_position=&#8220;default&#8220; gradient_direction=&#8220;left_to_right&#8220; overlay_strength=&#8220;0.3&#8243; width=&#8220;1\/2&#8243; tablet_width_inherit=&#8220;default&#8220; animation_type=&#8220;default&#8220; bg_image_animation=&#8220;none&#8220; border_type=&#8220;simple&#8220; column_border_width=&#8220;none&#8220; column_border_style=&#8220;solid&#8220;][\/vc_column][\/vc_row]\n","protected":false},"excerpt":{"rendered":"<p>[vc_row type=&#8220;full_width_background&#8220; full_screen_row_position=&#8220;middle&#8220; column_margin=&#8220;default&#8220; column_direction=&#8220;default&#8220; column_direction_tablet=&#8220;default&#8220; column_direction_phone=&#8220;default&#8220; bg_image=&#8220;576&#8243; bg_position=&#8220;left top&#8220; background_image_loading=&#8220;default&#8220; bg_repeat=&#8220;no-repeat&#8220; scene_position=&#8220;center&#8220; top_padding=&#8220;10%&#8220; bottom_padding=&#8220;5%&#8220; top_padding_phone=&#8220;10%&#8220; text_color=&#8220;dark&#8220; text_align=&#8220;left&#8220; row_border_radius=&#8220;none&#8220; row_border_radius_applies=&#8220;bg&#8220; overflow=&#8220;visible&#8220; advanced_gradient=&#8220;linear-gradient(0deg, rgb(30,30,30) 2%, rgba(30,30,30,0) 66%)&#8220; shape_divider_position=&#8220;bottom&#8220; bg_image_animation=&#8220;none&#8220; gradient_type=&#8220;advanced&#8220; shape_type=&#8220;&#8220;&#8230;<\/p>\n","protected":false},"author":1,"featured_media":840,"parent":0,"menu_order":0,"comment_status":"closed","ping_status":"closed","template":"","meta":{"footnotes":""},"categories":[21],"tags":[],"class_list":{"0":"post-839","1":"page","2":"type-page","3":"status-publish","4":"has-post-thumbnail","6":"category-homepage-de"},"yoast_head":"<!-- This site is optimized with the Yoast SEO plugin v25.9 - https:\/\/yoast.com\/wordpress\/plugins\/seo\/ -->\n<title>Zimmer - Senzual Roomz<\/title>\n<meta name=\"robots\" content=\"index, follow, max-snippet:-1, max-image-preview:large, max-video-preview:-1\" \/>\n<link rel=\"canonical\" href=\"https:\/\/senzualroomz.nl\/de\/kamers\/\" \/>\n<meta property=\"og:locale\" content=\"de_DE\" \/>\n<meta property=\"og:type\" content=\"article\" \/>\n<meta property=\"og:title\" content=\"Zimmer - Senzual Roomz\" \/>\n<meta property=\"og:description\" content=\"[vc_row type=&#8220;full_width_background&#8220; full_screen_row_position=&#8220;middle&#8220; column_margin=&#8220;default&#8220; column_direction=&#8220;default&#8220; column_direction_tablet=&#8220;default&#8220; column_direction_phone=&#8220;default&#8220; bg_image=&#8220;576&#8243; bg_position=&#8220;left top&#8220; background_image_loading=&#8220;default&#8220; bg_repeat=&#8220;no-repeat&#8220; scene_position=&#8220;center&#8220; top_padding=&#8220;10%&#8220; bottom_padding=&#8220;5%&#8220; top_padding_phone=&#8220;10%&#8220; text_color=&#8220;dark&#8220; text_align=&#8220;left&#8220; row_border_radius=&#8220;none&#8220; row_border_radius_applies=&#8220;bg&#8220; overflow=&#8220;visible&#8220; advanced_gradient=&#8220;linear-gradient(0deg, rgb(30,30,30) 2%, rgba(30,30,30,0) 66%)&#8220; shape_divider_position=&#8220;bottom&#8220; bg_image_animation=&#8220;none&#8220; gradient_type=&#8220;advanced&#8220; shape_type=&#8220;&#8220;...\" \/>\n<meta property=\"og:url\" content=\"https:\/\/senzualroomz.nl\/de\/kamers\/\" \/>\n<meta property=\"og:site_name\" content=\"Senzual Roomz\" \/>\n<meta property=\"article:modified_time\" content=\"2025-02-07T14:59:48+00:00\" \/>\n<meta property=\"og:image\" content=\"https:\/\/senzualroomz.nl\/wp-content\/uploads\/2025\/01\/Padded-bdsm-bank-5.jpg\" \/>\n\t<meta property=\"og:image:width\" content=\"1600\" \/>\n\t<meta property=\"og:image:height\" content=\"1067\" \/>\n\t<meta property=\"og:image:type\" content=\"image\/jpeg\" \/>\n<meta name=\"twitter:card\" content=\"summary_large_image\" \/>\n<meta name=\"twitter:label1\" content=\"Gesch\u00e4tzte Lesezeit\" \/>\n\t<meta name=\"twitter:data1\" content=\"3\u00a0Minuten\" \/>\n<script type=\"application\/ld+json\" class=\"yoast-schema-graph\">{\"@context\":\"https:\/\/schema.org\",\"@graph\":[{\"@type\":\"WebPage\",\"@id\":\"https:\/\/senzualroomz.nl\/de\/kamers\/\",\"url\":\"https:\/\/senzualroomz.nl\/de\/kamers\/\",\"name\":\"Zimmer - Senzual Roomz\",\"isPartOf\":{\"@id\":\"https:\/\/senzualroomz.nl\/de\/#website\"},\"primaryImageOfPage\":{\"@id\":\"https:\/\/senzualroomz.nl\/de\/kamers\/#primaryimage\"},\"image\":{\"@id\":\"https:\/\/senzualroomz.nl\/de\/kamers\/#primaryimage\"},\"thumbnailUrl\":\"https:\/\/senzualroomz.nl\/wp-content\/uploads\/2025\/01\/Padded-bdsm-bank-5.jpg\",\"datePublished\":\"2025-01-07T13:52:25+00:00\",\"dateModified\":\"2025-02-07T14:59:48+00:00\",\"breadcrumb\":{\"@id\":\"https:\/\/senzualroomz.nl\/de\/kamers\/#breadcrumb\"},\"inLanguage\":\"de\",\"potentialAction\":[{\"@type\":\"ReadAction\",\"target\":[\"https:\/\/senzualroomz.nl\/de\/kamers\/\"]}]},{\"@type\":\"ImageObject\",\"inLanguage\":\"de\",\"@id\":\"https:\/\/senzualroomz.nl\/de\/kamers\/#primaryimage\",\"url\":\"https:\/\/senzualroomz.nl\/wp-content\/uploads\/2025\/01\/Padded-bdsm-bank-5.jpg\",\"contentUrl\":\"https:\/\/senzualroomz.nl\/wp-content\/uploads\/2025\/01\/Padded-bdsm-bank-5.jpg\",\"width\":1600,\"height\":1067},{\"@type\":\"BreadcrumbList\",\"@id\":\"https:\/\/senzualroomz.nl\/de\/kamers\/#breadcrumb\",\"itemListElement\":[{\"@type\":\"ListItem\",\"position\":1,\"name\":\"Home\",\"item\":\"https:\/\/senzualroomz.nl\/de\/portfolio-flare-landing\/\"},{\"@type\":\"ListItem\",\"position\":2,\"name\":\"Zimmer\"}]},{\"@type\":\"WebSite\",\"@id\":\"https:\/\/senzualroomz.nl\/de\/#website\",\"url\":\"https:\/\/senzualroomz.nl\/de\/\",\"name\":\"Senzual Roomz\",\"description\":\"\",\"publisher\":{\"@id\":\"https:\/\/senzualroomz.nl\/de\/#organization\"},\"potentialAction\":[{\"@type\":\"SearchAction\",\"target\":{\"@type\":\"EntryPoint\",\"urlTemplate\":\"https:\/\/senzualroomz.nl\/de\/?s={search_term_string}\"},\"query-input\":{\"@type\":\"PropertyValueSpecification\",\"valueRequired\":true,\"valueName\":\"search_term_string\"}}],\"inLanguage\":\"de\"},{\"@type\":\"Organization\",\"@id\":\"https:\/\/senzualroomz.nl\/de\/#organization\",\"name\":\"Senzual Roomz\",\"url\":\"https:\/\/senzualroomz.nl\/de\/\",\"logo\":{\"@type\":\"ImageObject\",\"inLanguage\":\"de\",\"@id\":\"https:\/\/senzualroomz.nl\/de\/#\/schema\/logo\/image\/\",\"url\":\"https:\/\/senzualroomz.nl\/wp-content\/uploads\/2025\/01\/Senzual-Roomz-Logo-1-1-1.png\",\"contentUrl\":\"https:\/\/senzualroomz.nl\/wp-content\/uploads\/2025\/01\/Senzual-Roomz-Logo-1-1-1.png\",\"width\":1602,\"height\":659,\"caption\":\"Senzual Roomz\"},\"image\":{\"@id\":\"https:\/\/senzualroomz.nl\/de\/#\/schema\/logo\/image\/\"},\"sameAs\":[\"https:\/\/www.instagram.com\/senzualroomz\/\",\"https:\/\/www.tiktok.com\/@senzual.roomz\"]}]}<\/script>\n<!-- \/ Yoast SEO plugin. -->","yoast_head_json":{"title":"Zimmer - Senzual Roomz","robots":{"index":"index","follow":"follow","max-snippet":"max-snippet:-1","max-image-preview":"max-image-preview:large","max-video-preview":"max-video-preview:-1"},"canonical":"https:\/\/senzualroomz.nl\/de\/kamers\/","og_locale":"de_DE","og_type":"article","og_title":"Zimmer - Senzual Roomz","og_description":"[vc_row type=&#8220;full_width_background&#8220; full_screen_row_position=&#8220;middle&#8220; column_margin=&#8220;default&#8220; column_direction=&#8220;default&#8220; column_direction_tablet=&#8220;default&#8220; column_direction_phone=&#8220;default&#8220; bg_image=&#8220;576&#8243; bg_position=&#8220;left top&#8220; background_image_loading=&#8220;default&#8220; bg_repeat=&#8220;no-repeat&#8220; scene_position=&#8220;center&#8220; top_padding=&#8220;10%&#8220; bottom_padding=&#8220;5%&#8220; top_padding_phone=&#8220;10%&#8220; text_color=&#8220;dark&#8220; text_align=&#8220;left&#8220; row_border_radius=&#8220;none&#8220; row_border_radius_applies=&#8220;bg&#8220; overflow=&#8220;visible&#8220; advanced_gradient=&#8220;linear-gradient(0deg, rgb(30,30,30) 2%, rgba(30,30,30,0) 66%)&#8220; shape_divider_position=&#8220;bottom&#8220; bg_image_animation=&#8220;none&#8220; gradient_type=&#8220;advanced&#8220; shape_type=&#8220;&#8220;...","og_url":"https:\/\/senzualroomz.nl\/de\/kamers\/","og_site_name":"Senzual Roomz","article_modified_time":"2025-02-07T14:59:48+00:00","og_image":[{"width":1600,"height":1067,"url":"https:\/\/senzualroomz.nl\/wp-content\/uploads\/2025\/01\/Padded-bdsm-bank-5.jpg","type":"image\/jpeg"}],"twitter_card":"summary_large_image","twitter_misc":{"Gesch\u00e4tzte Lesezeit":"3\u00a0Minuten"},"schema":{"@context":"https:\/\/schema.org","@graph":[{"@type":"WebPage","@id":"https:\/\/senzualroomz.nl\/de\/kamers\/","url":"https:\/\/senzualroomz.nl\/de\/kamers\/","name":"Zimmer - Senzual Roomz","isPartOf":{"@id":"https:\/\/senzualroomz.nl\/de\/#website"},"primaryImageOfPage":{"@id":"https:\/\/senzualroomz.nl\/de\/kamers\/#primaryimage"},"image":{"@id":"https:\/\/senzualroomz.nl\/de\/kamers\/#primaryimage"},"thumbnailUrl":"https:\/\/senzualroomz.nl\/wp-content\/uploads\/2025\/01\/Padded-bdsm-bank-5.jpg","datePublished":"2025-01-07T13:52:25+00:00","dateModified":"2025-02-07T14:59:48+00:00","breadcrumb":{"@id":"https:\/\/senzualroomz.nl\/de\/kamers\/#breadcrumb"},"inLanguage":"de","potentialAction":[{"@type":"ReadAction","target":["https:\/\/senzualroomz.nl\/de\/kamers\/"]}]},{"@type":"ImageObject","inLanguage":"de","@id":"https:\/\/senzualroomz.nl\/de\/kamers\/#primaryimage","url":"https:\/\/senzualroomz.nl\/wp-content\/uploads\/2025\/01\/Padded-bdsm-bank-5.jpg","contentUrl":"https:\/\/senzualroomz.nl\/wp-content\/uploads\/2025\/01\/Padded-bdsm-bank-5.jpg","width":1600,"height":1067},{"@type":"BreadcrumbList","@id":"https:\/\/senzualroomz.nl\/de\/kamers\/#breadcrumb","itemListElement":[{"@type":"ListItem","position":1,"name":"Home","item":"https:\/\/senzualroomz.nl\/de\/portfolio-flare-landing\/"},{"@type":"ListItem","position":2,"name":"Zimmer"}]},{"@type":"WebSite","@id":"https:\/\/senzualroomz.nl\/de\/#website","url":"https:\/\/senzualroomz.nl\/de\/","name":"Senzual Roomz","description":"","publisher":{"@id":"https:\/\/senzualroomz.nl\/de\/#organization"},"potentialAction":[{"@type":"SearchAction","target":{"@type":"EntryPoint","urlTemplate":"https:\/\/senzualroomz.nl\/de\/?s={search_term_string}"},"query-input":{"@type":"PropertyValueSpecification","valueRequired":true,"valueName":"search_term_string"}}],"inLanguage":"de"},{"@type":"Organization","@id":"https:\/\/senzualroomz.nl\/de\/#organization","name":"Senzual Roomz","url":"https:\/\/senzualroomz.nl\/de\/","logo":{"@type":"ImageObject","inLanguage":"de","@id":"https:\/\/senzualroomz.nl\/de\/#\/schema\/logo\/image\/","url":"https:\/\/senzualroomz.nl\/wp-content\/uploads\/2025\/01\/Senzual-Roomz-Logo-1-1-1.png","contentUrl":"https:\/\/senzualroomz.nl\/wp-content\/uploads\/2025\/01\/Senzual-Roomz-Logo-1-1-1.png","width":1602,"height":659,"caption":"Senzual Roomz"},"image":{"@id":"https:\/\/senzualroomz.nl\/de\/#\/schema\/logo\/image\/"},"sameAs":["https:\/\/www.instagram.com\/senzualroomz\/","https:\/\/www.tiktok.com\/@senzual.roomz"]}]}},"_links":{"self":[{"href":"https:\/\/senzualroomz.nl\/de\/wp-json\/wp\/v2\/pages\/839","targetHints":{"allow":["GET"]}}],"collection":[{"href":"https:\/\/senzualroomz.nl\/de\/wp-json\/wp\/v2\/pages"}],"about":[{"href":"https:\/\/senzualroomz.nl\/de\/wp-json\/wp\/v2\/types\/page"}],"author":[{"embeddable":true,"href":"https:\/\/senzualroomz.nl\/de\/wp-json\/wp\/v2\/users\/1"}],"replies":[{"embeddable":true,"href":"https:\/\/senzualroomz.nl\/de\/wp-json\/wp\/v2\/comments?post=839"}],"version-history":[{"count":2,"href":"https:\/\/senzualroomz.nl\/de\/wp-json\/wp\/v2\/pages\/839\/revisions"}],"predecessor-version":[{"id":873,"href":"https:\/\/senzualroomz.nl\/de\/wp-json\/wp\/v2\/pages\/839\/revisions\/873"}],"wp:featuredmedia":[{"embeddable":true,"href":"https:\/\/senzualroomz.nl\/de\/wp-json\/wp\/v2\/media\/840"}],"wp:attachment":[{"href":"https:\/\/senzualroomz.nl\/de\/wp-json\/wp\/v2\/media?parent=839"}],"wp:term":[{"taxonomy":"category","embeddable":true,"href":"https:\/\/senzualroomz.nl\/de\/wp-json\/wp\/v2\/categories?post=839"},{"taxonomy":"post_tag","embeddable":true,"href":"https:\/\/senzualroomz.nl\/de\/wp-json\/wp\/v2\/tags?post=839"}],"curies":[{"name":"wp","href":"https:\/\/api.w.org\/{rel}","templated":true}]}}